{"id":2595,"date":"2024-01-18T14:29:02","date_gmt":"2024-01-18T14:29:02","guid":{"rendered":"https:\/\/lwtcommunications.com\/plunet-businessmanager\/"},"modified":"2024-05-24T22:16:57","modified_gmt":"2024-05-24T22:16:57","slug":"plunet-businessmanager","status":"publish","type":"page","link":"https:\/\/lwtcommunications.com\/fr\/plunet-businessmanager\/","title":{"rendered":"Plunet BusinessManager"},"content":{"rendered":"\t\t<div data-elementor-type=\"wp-page\" data-elementor-id=\"2595\" class=\"elementor elementor-2595\" data-elementor-settings=\"{&quot;ha_cmc_init_switcher&quot;:&quot;no&quot;}\" data-elementor-post-type=\"page\">\n\t\t\t\t\t\t<section class=\"elementor-section elementor-top-section elementor-element elementor-element-4945af1 elementor-section-full_width elementor-section-stretched elementor-section-height-default elementor-section-height-default\" data-id=\"4945af1\" data-element_type=\"section\" data-settings=\"{&quot;stretch_section&quot;:&quot;section-stretched&quot;,&quot;background_background&quot;:&quot;classic&quot;,&quot;_ha_eqh_enable&quot;:false}\">\n\t\t\t\t\t\t<div class=\"elementor-container elementor-column-gap-default\">\n\t\t\t\t\t<div class=\"elementor-column elementor-col-100 elementor-top-column elementor-element elementor-element-8665351\" data-id=\"8665351\" data-element_type=\"column\">\n\t\t\t<div class=\"elementor-widget-wrap elementor-element-populated\">\n\t\t\t\t\t\t<div class=\"elementor-element elementor-element-76f8537 elementor-invisible elementor-widget elementor-widget-heading\" data-id=\"76f8537\" data-element_type=\"widget\" data-settings=\"{&quot;_animation&quot;:&quot;zoomIn&quot;}\" data-widget_type=\"heading.default\">\n\t\t\t\t<div class=\"elementor-widget-container\">\n\t\t\t\t\t<h1 class=\"elementor-heading-title elementor-size-default\">Plunet BusinessManager\n<\/h1>\t\t\t\t<\/div>\n\t\t\t\t<\/div>\n\t\t\t\t<div class=\"elementor-element elementor-element-ff99481 animated-slow elementor-invisible elementor-widget elementor-widget-ha-breadcrumbs happy-addon ha-breadcrumbs happy-addon-pro\" data-id=\"ff99481\" data-element_type=\"widget\" data-settings=\"{&quot;_animation&quot;:&quot;zoomIn&quot;}\" data-widget_type=\"ha-breadcrumbs.default\">\n\t\t\t\t<div class=\"elementor-widget-container\">\n\t\t\t\t\t<ul class=\"ha-breadcrumbs\"><li class=\"ha-breadcrumbs-item ha-breadcrumbs-start\"><a href=\"https:\/\/lwtcommunications.com\/fr\/\" rel=\"home\"><span class=\"ha-breadcrumbs-text\"><span class=\"ha-breadcrumbs-home-icon\"><span class=\"hm hm-home\" aria-hidden=\"true\"><\/span><\/span>Accueil<\/span><\/a><\/li><\/ul>\t\t\t\t<\/div>\n\t\t\t\t<\/div>\n\t\t\t\t\t<\/div>\n\t\t<\/div>\n\t\t\t\t\t<\/div>\n\t\t<\/section>\n\t\t\t\t<section class=\"elementor-section elementor-top-section elementor-element elementor-element-2af167c elementor-section-stretched elementor-section-boxed elementor-section-height-default elementor-section-height-default\" data-id=\"2af167c\" data-element_type=\"section\" data-settings=\"{&quot;stretch_section&quot;:&quot;section-stretched&quot;,&quot;background_background&quot;:&quot;classic&quot;,&quot;_ha_eqh_enable&quot;:false}\">\n\t\t\t\t\t\t<div class=\"elementor-container elementor-column-gap-default\">\n\t\t\t\t\t<div class=\"elementor-column elementor-col-100 elementor-top-column elementor-element elementor-element-2381ffe\" data-id=\"2381ffe\" data-element_type=\"column\">\n\t\t\t<div class=\"elementor-widget-wrap elementor-element-populated\">\n\t\t\t\t\t\t<div class=\"elementor-element elementor-element-c7f6179 elementor-invisible elementor-widget elementor-widget-heading\" data-id=\"c7f6179\" data-element_type=\"widget\" data-settings=\"{&quot;_animation&quot;:&quot;fadeInUp&quot;}\" data-widget_type=\"heading.default\">\n\t\t\t\t<div class=\"elementor-widget-container\">\n\t\t\t\t\t<h2 class=\"elementor-heading-title elementor-size-default\">La technologie au service de vos traductions<\/h2>\t\t\t\t<\/div>\n\t\t\t\t<\/div>\n\t\t\t\t<div class=\"elementor-element elementor-element-ad75d29 elementor-invisible elementor-widget elementor-widget-text-editor\" data-id=\"ad75d29\" data-element_type=\"widget\" data-settings=\"{&quot;_animation&quot;:&quot;fadeInUp&quot;,&quot;_animation_delay&quot;:0}\" data-widget_type=\"text-editor.default\">\n\t\t\t\t<div class=\"elementor-widget-container\">\n\t\t\t\t\t\t\t\t\t<p>Plunet BusinessManager est un portail en ligne s\u00e9curis\u00e9, disponible\u00a024 heures sur 24, sept jours sur sept.\u00a0C\u2019est un point d\u2019entr\u00e9e unique pour tous nos clients o\u00f9 ils peuvent soumettre toutes leurs demandes de traduction. Plunet BusinessManager\u00a0est une solution compl\u00e8te pour la gestion efficace des projets de traduction et le d\u00e9roulement rationalis\u00e9 et professionnel des op\u00e9rations de notre agence.<\/p><p>Les fonctionnalit\u00e9s de base de Plunet comprennent la gestion des devis, des demandes de traduction et des commandes, ainsi que la gestion des \u00e9ch\u00e9anciers, des documents et des relations clients.<\/p><p>Nous d\u00e9livrons des projets de plus grande qualit\u00e9 dans des d\u00e9lais de livraison plus rapides en associant les aptitudes de traducteurs professionnels aux fonctionnalit\u00e9s innovantes de syst\u00e8me de gestion de la traduction.<\/p>\t\t\t\t\t\t\t\t<\/div>\n\t\t\t\t<\/div>\n\t\t\t\t\t<\/div>\n\t\t<\/div>\n\t\t\t\t\t<\/div>\n\t\t<\/section>\n\t\t\t\t<section class=\"elementor-section elementor-top-section elementor-element elementor-element-5dad112 elementor-section-boxed elementor-section-height-default elementor-section-height-default\" data-id=\"5dad112\" data-element_type=\"section\" data-settings=\"{&quot;background_background&quot;:&quot;classic&quot;,&quot;_ha_eqh_enable&quot;:false}\">\n\t\t\t\t\t\t<div class=\"elementor-container elementor-column-gap-default\">\n\t\t\t\t\t<div class=\"elementor-column elementor-col-66 elementor-top-column elementor-element elementor-element-e6538b5 elementor-invisible\" data-id=\"e6538b5\" data-element_type=\"column\" data-settings=\"{&quot;animation&quot;:&quot;slideInLeft&quot;}\">\n\t\t\t<div class=\"elementor-widget-wrap elementor-element-populated\">\n\t\t\t\t\t\t<div class=\"elementor-element elementor-element-d582412 elementor-widget elementor-widget-heading\" data-id=\"d582412\" data-element_type=\"widget\" data-widget_type=\"heading.default\">\n\t\t\t\t<div class=\"elementor-widget-container\">\n\t\t\t\t\t<h3 class=\"elementor-heading-title elementor-size-default\">Plunet BusinessManager permet :\n\n<\/h3>\t\t\t\t<\/div>\n\t\t\t\t<\/div>\n\t\t\t\t<div class=\"elementor-element elementor-element-dc50eb5 elementor-invisible elementor-widget elementor-widget-text-editor\" data-id=\"dc50eb5\" data-element_type=\"widget\" data-settings=\"{&quot;_animation&quot;:&quot;fadeInUp&quot;,&quot;_animation_delay&quot;:0}\" data-widget_type=\"text-editor.default\">\n\t\t\t\t<div class=\"elementor-widget-container\">\n\t\t\t\t\t\t\t\t\t<ol style=\"text-align: justify;\"><li><p>La r\u00e9ception, le traitement et la livraison centralis\u00e9s des fichiers de traduction<\/p><\/li><li><p>La soumission de demandes de traduction par un portail s\u00e9curis\u00e9<\/p><\/li><li><p>Le t\u00e9l\u00e9versement et le t\u00e9l\u00e9chargement rapide et s\u00e9curis\u00e9 des fichiers de traduction<\/p><\/li><li><p>Le calcul automatis\u00e9 des co\u00fbts de traduction et l\u2019approbation du devis par le client<\/p><\/li><li><p>D\u2019obtenir un aper\u00e7u clair et concis des devis et des commandes, ainsi que de l\u2019\u00e9tat des projets<\/p><\/li><li><p>La cr\u00e9ation automatis\u00e9e de projets de traduction avec des m\u00e9moires de traduction et des bases terminologiques sp\u00e9cifiques \u00e0 chaque client<\/p><\/li><li><p>La livraison automatis\u00e9e au client par courriel ou via un lien de t\u00e9l\u00e9chargement (pour les fichiers volumineux)<\/p><\/li><li><p>La disponibilit\u00e9 des documents traduits pendant 12\u00a0mois<\/p><\/li><\/ol>\t\t\t\t\t\t\t\t<\/div>\n\t\t\t\t<\/div>\n\t\t\t\t<div class=\"elementor-element elementor-element-bf50b0c elementor-invisible elementor-widget elementor-widget-text-editor\" data-id=\"bf50b0c\" data-element_type=\"widget\" data-settings=\"{&quot;_animation&quot;:&quot;fadeInUp&quot;,&quot;_animation_delay&quot;:0}\" data-widget_type=\"text-editor.default\">\n\t\t\t\t<div class=\"elementor-widget-container\">\n\t\t\t\t\t\t\t\t\t<p>LWT Communications utilise d\u2019autres syst\u00e8mes de gestion des traductions comme XTRF. Nous pouvons facilement nous adapter au syst\u00e8me de gestion des traductions de votre choix.<\/p>\t\t\t\t\t\t\t\t<\/div>\n\t\t\t\t<\/div>\n\t\t\t\t\t<\/div>\n\t\t<\/div>\n\t\t\t\t<div class=\"elementor-column elementor-col-33 elementor-top-column elementor-element elementor-element-5b4ae0a elementor-invisible\" data-id=\"5b4ae0a\" data-element_type=\"column\" data-settings=\"{&quot;animation&quot;:&quot;slideInRight&quot;}\">\n\t\t\t<div class=\"elementor-widget-wrap elementor-element-populated\">\n\t\t\t\t\t\t<div class=\"elementor-element elementor-element-a3cab63 elementor-widget elementor-widget-image\" data-id=\"a3cab63\" data-element_type=\"widget\" data-widget_type=\"image.default\">\n\t\t\t\t<div class=\"elementor-widget-container\">\n\t\t\t\t\t\t\t\t\t\t\t\t\t\t\t<img fetchpriority=\"high\" decoding=\"async\" width=\"300\" height=\"173\" src=\"https:\/\/lwtcommunications.com\/wp-content\/uploads\/2024\/01\/EVS_Translations_Plunet_2015-300x173.jpg.pagespeed.ce_.aj43d3mpFJ.jpg\" class=\"attachment-full size-full wp-image-2356\" alt=\"Plunet Logo\" title=\"\">\t\t\t\t\t\t\t\t\t\t\t\t\t\t\t<\/div>\n\t\t\t\t<\/div>\n\t\t\t\t<div class=\"elementor-element elementor-element-8c9ba9a elementor-widget elementor-widget-image\" data-id=\"8c9ba9a\" data-element_type=\"widget\" data-widget_type=\"image.default\">\n\t\t\t\t<div class=\"elementor-widget-container\">\n\t\t\t\t\t\t\t\t\t\t\t\t\t\t\t<img decoding=\"async\" width=\"500\" height=\"281\" src=\"https:\/\/lwtcommunications.com\/wp-content\/uploads\/2024\/01\/640px-2014_plunet_logo_translation_management_systems_blue.png\" class=\"attachment-full size-full wp-image-2354\" alt=\"Plunet Logo\" srcset=\"https:\/\/lwtcommunications.com\/wp-content\/uploads\/2024\/01\/640px-2014_plunet_logo_translation_management_systems_blue.png 500w, https:\/\/lwtcommunications.com\/wp-content\/uploads\/2024\/01\/640px-2014_plunet_logo_translation_management_systems_blue-300x169.png 300w\" sizes=\"(max-width: 500px) 100vw, 500px\" title=\"\">\t\t\t\t\t\t\t\t\t\t\t\t\t\t\t<\/div>\n\t\t\t\t<\/div>\n\t\t\t\t<div class=\"elementor-element elementor-element-4bf7679 elementor-widget elementor-widget-image\" data-id=\"4bf7679\" data-element_type=\"widget\" data-widget_type=\"image.default\">\n\t\t\t\t<div class=\"elementor-widget-container\">\n\t\t\t\t\t\t\t\t\t\t\t\t\t\t\t<img decoding=\"async\" width=\"500\" height=\"107\" src=\"https:\/\/lwtcommunications.com\/wp-content\/uploads\/2024\/01\/logoxtrf_01-002.png\" class=\"attachment-full size-full wp-image-2355\" alt=\"XTRF Logo\" srcset=\"https:\/\/lwtcommunications.com\/wp-content\/uploads\/2024\/01\/logoxtrf_01-002.png 500w, https:\/\/lwtcommunications.com\/wp-content\/uploads\/2024\/01\/logoxtrf_01-002-300x64.png 300w, https:\/\/lwtcommunications.com\/wp-content\/uploads\/2024\/01\/logoxtrf_01-002-495x107.png 495w\" sizes=\"(max-width: 500px) 100vw, 500px\" title=\"\">\t\t\t\t\t\t\t\t\t\t\t\t\t\t\t<\/div>\n\t\t\t\t<\/div>\n\t\t\t\t\t<\/div>\n\t\t<\/div>\n\t\t\t\t\t<\/div>\n\t\t<\/section>\n\t\t\t\t<\/div>\n\t\t","protected":false},"excerpt":{"rendered":"<p>Plunet BusinessManager Accueil La technologie au service de vos traductions Plunet BusinessManager est un portail en ligne s\u00e9curis\u00e9, disponible\u00a024 heures sur 24, sept jours sur sept.\u00a0C\u2019est un point d\u2019entr\u00e9e unique pour tous nos clients o\u00f9 ils peuvent soumettre toutes leurs demandes de traduction. Plunet BusinessManager\u00a0est une solution compl\u00e8te pour la gestion efficace des projets de [&hellip;]<\/p>\n","protected":false},"author":1,"featured_media":0,"parent":0,"menu_order":0,"comment_status":"closed","ping_status":"closed","template":"elementor_header_footer","meta":{"_acf_changed":false,"footnotes":""},"class_list":["post-2595","page","type-page","status-publish","hentry"],"acf":[],"_links":{"self":[{"href":"https:\/\/lwtcommunications.com\/fr\/wp-json\/wp\/v2\/pages\/2595","targetHints":{"allow":["GET"]}}],"collection":[{"href":"https:\/\/lwtcommunications.com\/fr\/wp-json\/wp\/v2\/pages"}],"about":[{"href":"https:\/\/lwtcommunications.com\/fr\/wp-json\/wp\/v2\/types\/page"}],"author":[{"embeddable":true,"href":"https:\/\/lwtcommunications.com\/fr\/wp-json\/wp\/v2\/users\/1"}],"replies":[{"embeddable":true,"href":"https:\/\/lwtcommunications.com\/fr\/wp-json\/wp\/v2\/comments?post=2595"}],"version-history":[{"count":10,"href":"https:\/\/lwtcommunications.com\/fr\/wp-json\/wp\/v2\/pages\/2595\/revisions"}],"predecessor-version":[{"id":3073,"href":"https:\/\/lwtcommunications.com\/fr\/wp-json\/wp\/v2\/pages\/2595\/revisions\/3073"}],"wp:attachment":[{"href":"https:\/\/lwtcommunications.com\/fr\/wp-json\/wp\/v2\/media?parent=2595"}],"curies":[{"name":"wp","href":"https:\/\/api.w.org\/{rel}","templated":true}]}}