{"id":2597,"date":"2024-01-23T14:07:30","date_gmt":"2024-01-23T14:07:30","guid":{"rendered":"https:\/\/lwtcommunications.com\/pharmaceutique-et-medical\/"},"modified":"2024-05-24T22:16:25","modified_gmt":"2024-05-24T22:16:25","slug":"pharmaceutique-et-medical","status":"publish","type":"page","link":"https:\/\/lwtcommunications.com\/fr\/pharmaceutique-et-medical\/","title":{"rendered":"Pharmaceutique et m\u00e9dical"},"content":{"rendered":"\t\t<div data-elementor-type=\"wp-page\" data-elementor-id=\"2597\" class=\"elementor elementor-2597\" data-elementor-settings=\"{&quot;ha_cmc_init_switcher&quot;:&quot;no&quot;}\" data-elementor-post-type=\"page\">\n\t\t\t\t\t\t<section class=\"elementor-section elementor-top-section elementor-element elementor-element-40b9d76 elementor-section-full_width elementor-section-stretched elementor-section-height-min-height elementor-section-height-default elementor-section-items-middle\" data-id=\"40b9d76\" data-element_type=\"section\" data-settings=\"{&quot;stretch_section&quot;:&quot;section-stretched&quot;,&quot;background_background&quot;:&quot;classic&quot;,&quot;_ha_eqh_enable&quot;:false}\">\n\t\t\t\t\t\t<div class=\"elementor-container elementor-column-gap-default\">\n\t\t\t\t\t<div class=\"elementor-column elementor-col-100 elementor-top-column elementor-element elementor-element-10cca4a\" data-id=\"10cca4a\" data-element_type=\"column\">\n\t\t\t<div class=\"elementor-widget-wrap elementor-element-populated\">\n\t\t\t\t\t\t<div class=\"elementor-element elementor-element-734fd44 elementor-invisible elementor-widget elementor-widget-heading\" data-id=\"734fd44\" data-element_type=\"widget\" data-settings=\"{&quot;_animation&quot;:&quot;zoomIn&quot;}\" data-widget_type=\"heading.default\">\n\t\t\t\t<div class=\"elementor-widget-container\">\n\t\t\t\t\t<h1 class=\"elementor-heading-title elementor-size-default\">Pharmaceutique et m\u00e9dical<\/h1>\t\t\t\t<\/div>\n\t\t\t\t<\/div>\n\t\t\t\t<div class=\"elementor-element elementor-element-1ac2fef animated-slow elementor-invisible elementor-widget elementor-widget-ha-breadcrumbs happy-addon ha-breadcrumbs happy-addon-pro\" data-id=\"1ac2fef\" data-element_type=\"widget\" data-settings=\"{&quot;_animation&quot;:&quot;zoomIn&quot;}\" data-widget_type=\"ha-breadcrumbs.default\">\n\t\t\t\t<div class=\"elementor-widget-container\">\n\t\t\t\t\t<ul class=\"ha-breadcrumbs\"><li class=\"ha-breadcrumbs-item ha-breadcrumbs-start\"><a href=\"https:\/\/lwtcommunications.com\/fr\/\" rel=\"home\"><span class=\"ha-breadcrumbs-text\"><span class=\"ha-breadcrumbs-home-icon\"><span class=\"hm hm-home\" aria-hidden=\"true\"><\/span><\/span>Accueil<\/span><\/a><\/li><\/ul>\t\t\t\t<\/div>\n\t\t\t\t<\/div>\n\t\t\t\t\t<\/div>\n\t\t<\/div>\n\t\t\t\t\t<\/div>\n\t\t<\/section>\n\t\t\t\t<section class=\"elementor-section elementor-top-section elementor-element elementor-element-eab321d elementor-section-content-middle elementor-section-stretched elementor-section-boxed elementor-section-height-default elementor-section-height-default\" data-id=\"eab321d\" data-element_type=\"section\" data-settings=\"{&quot;background_background&quot;:&quot;classic&quot;,&quot;stretch_section&quot;:&quot;section-stretched&quot;,&quot;_ha_eqh_enable&quot;:false}\">\n\t\t\t\t\t\t<div class=\"elementor-container elementor-column-gap-no\">\n\t\t\t\t\t<div class=\"elementor-column elementor-col-100 elementor-top-column elementor-element elementor-element-1af393d\" data-id=\"1af393d\" data-element_type=\"column\">\n\t\t\t<div class=\"elementor-widget-wrap elementor-element-populated\">\n\t\t\t\t\t\t<div class=\"elementor-element elementor-element-9cede4d elementor-invisible elementor-widget elementor-widget-heading\" data-id=\"9cede4d\" data-element_type=\"widget\" data-settings=\"{&quot;_animation&quot;:&quot;fadeInUp&quot;}\" data-widget_type=\"heading.default\">\n\t\t\t\t<div class=\"elementor-widget-container\">\n\t\t\t\t\t<h2 class=\"elementor-heading-title elementor-size-default\">Services de traduction pour le milieu m\u00e9dical<\/h2>\t\t\t\t<\/div>\n\t\t\t\t<\/div>\n\t\t\t\t<section class=\"elementor-section elementor-inner-section elementor-element elementor-element-9b587ff elementor-section-boxed elementor-section-height-default elementor-section-height-default\" data-id=\"9b587ff\" data-element_type=\"section\" data-settings=\"{&quot;_ha_eqh_enable&quot;:false}\">\n\t\t\t\t\t\t<div class=\"elementor-container elementor-column-gap-default\">\n\t\t\t\t\t<div class=\"elementor-column elementor-col-50 elementor-inner-column elementor-element elementor-element-2cf4ab4\" data-id=\"2cf4ab4\" data-element_type=\"column\">\n\t\t\t<div class=\"elementor-widget-wrap elementor-element-populated\">\n\t\t\t\t\t\t<div class=\"elementor-element elementor-element-5beec9b elementor-invisible elementor-widget elementor-widget-text-editor\" data-id=\"5beec9b\" data-element_type=\"widget\" data-settings=\"{&quot;_animation&quot;:&quot;slideInLeft&quot;}\" data-widget_type=\"text-editor.default\">\n\t\t\t\t<div class=\"elementor-widget-container\">\n\t\t\t\t\t\t\t\t\t<p>Nos clients du secteur des sciences de la vie se fient \u00e0 notre expertise pour leur livrer des traductions pr\u00e9cises, claires et coh\u00e9rentes dans les domaines pharmaceutique et m\u00e9dical.<\/p><p>Les traductions pour les domaines pharmaceutique et m\u00e9dical requi\u00e8rent de l\u2019expertise, une attention minutieuse aux d\u00e9tails, ainsi qu\u2019une stricte conformit\u00e9 aux lignes directrices et aux r\u00e8glements \u00e0 tous les niveaux des proc\u00e9dures d\u2019assurance qualit\u00e9 en mati\u00e8re de traduction.<\/p><p>La pr\u00e9cision est primordiale, car la moindre erreur peut avoir de graves cons\u00e9quences.<\/p><p>Nos traducteurs et nos r\u00e9viseurs sp\u00e9cialis\u00e9s dans l\u2019industrie des sciences de la vie poss\u00e8dent des connaissances approfondies des exigences, de la terminologie et des produits pharmaceutiques et m\u00e9dicaux. Chaque traduction est r\u00e9vis\u00e9e et corrig\u00e9e avec rigueur par des sp\u00e9cialistes faisant partie de notre \u00e9quipe interne, avant d\u2019\u00eatre livr\u00e9e \u00e0 notre client.<\/p>\t\t\t\t\t\t\t\t<\/div>\n\t\t\t\t<\/div>\n\t\t\t\t\t<\/div>\n\t\t<\/div>\n\t\t\t\t<div class=\"elementor-column elementor-col-50 elementor-inner-column elementor-element elementor-element-d66ec55\" data-id=\"d66ec55\" data-element_type=\"column\">\n\t\t\t<div class=\"elementor-widget-wrap elementor-element-populated\">\n\t\t\t\t\t\t<div class=\"elementor-element elementor-element-6985fc1 elementor-invisible elementor-widget elementor-widget-text-editor\" data-id=\"6985fc1\" data-element_type=\"widget\" data-settings=\"{&quot;_animation&quot;:&quot;slideInLeft&quot;}\" data-widget_type=\"text-editor.default\">\n\t\t\t\t<div class=\"elementor-widget-container\">\n\t\t\t\t\t\t\t\t\t<p>Pour plus de d\u00e9tails sur la structure de notre \u00e9quipe de projet et nos processus, et pour savoir \u00e0 quoi vous attendre, cliquez\u00a0<a title=\"Nos processus\" href=\"https:\/\/lwtcommunications.com\/fr\/technologie\/nos-processus\/\" data-udi=\"umb:\/\/document\/e2ff89c4757041dfa923fdf5549b2f4c\">ici<\/a>.<\/p><p>Nous traduisons notamment les documents suivants : monographies de produits, essais cliniques, feuillets informatifs, manuels portant sur l\u2019\u00e9quipement m\u00e9dical, logiciels m\u00e9dicaux, diaporamas, aides \u00e0 la vente au d\u00e9tail \u00e9lectroniques, mat\u00e9riel de marketing, mat\u00e9riel de FMC, et plus encore.<\/p>\t\t\t\t\t\t\t\t<\/div>\n\t\t\t\t<\/div>\n\t\t\t\t\t<\/div>\n\t\t<\/div>\n\t\t\t\t\t<\/div>\n\t\t<\/section>\n\t\t\t\t\t<\/div>\n\t\t<\/div>\n\t\t\t\t\t<\/div>\n\t\t<\/section>\n\t\t\t\t<\/div>\n\t\t","protected":false},"excerpt":{"rendered":"<p>Pharmaceutique et m\u00e9dical Accueil Services de traduction pour le milieu m\u00e9dical Nos clients du secteur des sciences de la vie se fient \u00e0 notre expertise pour leur livrer des traductions pr\u00e9cises, claires et coh\u00e9rentes dans les domaines pharmaceutique et m\u00e9dical. Les traductions pour les domaines pharmaceutique et m\u00e9dical requi\u00e8rent de l\u2019expertise, une attention minutieuse aux [&hellip;]<\/p>\n","protected":false},"author":1,"featured_media":0,"parent":0,"menu_order":0,"comment_status":"closed","ping_status":"closed","template":"elementor_header_footer","meta":{"_acf_changed":false,"footnotes":""},"class_list":["post-2597","page","type-page","status-publish","hentry"],"acf":[],"_links":{"self":[{"href":"https:\/\/lwtcommunications.com\/fr\/wp-json\/wp\/v2\/pages\/2597","targetHints":{"allow":["GET"]}}],"collection":[{"href":"https:\/\/lwtcommunications.com\/fr\/wp-json\/wp\/v2\/pages"}],"about":[{"href":"https:\/\/lwtcommunications.com\/fr\/wp-json\/wp\/v2\/types\/page"}],"author":[{"embeddable":true,"href":"https:\/\/lwtcommunications.com\/fr\/wp-json\/wp\/v2\/users\/1"}],"replies":[{"embeddable":true,"href":"https:\/\/lwtcommunications.com\/fr\/wp-json\/wp\/v2\/comments?post=2597"}],"version-history":[{"count":18,"href":"https:\/\/lwtcommunications.com\/fr\/wp-json\/wp\/v2\/pages\/2597\/revisions"}],"predecessor-version":[{"id":3069,"href":"https:\/\/lwtcommunications.com\/fr\/wp-json\/wp\/v2\/pages\/2597\/revisions\/3069"}],"wp:attachment":[{"href":"https:\/\/lwtcommunications.com\/fr\/wp-json\/wp\/v2\/media?parent=2597"}],"curies":[{"name":"wp","href":"https:\/\/api.w.org\/{rel}","templated":true}]}}