{"id":2600,"date":"2024-01-23T14:19:19","date_gmt":"2024-01-23T14:19:19","guid":{"rendered":"https:\/\/lwtcommunications.com\/ti\/"},"modified":"2024-05-24T22:18:22","modified_gmt":"2024-05-24T22:18:22","slug":"ti","status":"publish","type":"page","link":"https:\/\/lwtcommunications.com\/fr\/ti\/","title":{"rendered":"TI"},"content":{"rendered":"\t\t<div data-elementor-type=\"wp-page\" data-elementor-id=\"2600\" class=\"elementor elementor-2600\" data-elementor-settings=\"{&quot;ha_cmc_init_switcher&quot;:&quot;no&quot;}\" data-elementor-post-type=\"page\">\n\t\t\t\t\t\t<section class=\"elementor-section elementor-top-section elementor-element elementor-element-288cee3 elementor-section-full_width elementor-section-stretched elementor-section-height-min-height elementor-section-height-default elementor-section-items-middle\" data-id=\"288cee3\" data-element_type=\"section\" data-settings=\"{&quot;stretch_section&quot;:&quot;section-stretched&quot;,&quot;background_background&quot;:&quot;classic&quot;,&quot;_ha_eqh_enable&quot;:false}\">\n\t\t\t\t\t\t<div class=\"elementor-container elementor-column-gap-default\">\n\t\t\t\t\t<div class=\"elementor-column elementor-col-100 elementor-top-column elementor-element elementor-element-3e597ff\" data-id=\"3e597ff\" data-element_type=\"column\">\n\t\t\t<div class=\"elementor-widget-wrap elementor-element-populated\">\n\t\t\t\t\t\t<div class=\"elementor-element elementor-element-d25bed8 elementor-invisible elementor-widget elementor-widget-heading\" data-id=\"d25bed8\" data-element_type=\"widget\" data-settings=\"{&quot;_animation&quot;:&quot;zoomIn&quot;}\" data-widget_type=\"heading.default\">\n\t\t\t\t<div class=\"elementor-widget-container\">\n\t\t\t\t\t<h1 class=\"elementor-heading-title elementor-size-default\"><span style=\"font-family: Montserrat;font-size: 3rem;font-style: normal;font-weight: 600\">T<\/span>I<\/h1>\t\t\t\t<\/div>\n\t\t\t\t<\/div>\n\t\t\t\t<div class=\"elementor-element elementor-element-0be459c animated-slow elementor-invisible elementor-widget elementor-widget-ha-breadcrumbs happy-addon ha-breadcrumbs happy-addon-pro\" data-id=\"0be459c\" data-element_type=\"widget\" data-settings=\"{&quot;_animation&quot;:&quot;zoomIn&quot;}\" data-widget_type=\"ha-breadcrumbs.default\">\n\t\t\t\t<div class=\"elementor-widget-container\">\n\t\t\t\t\t<ul class=\"ha-breadcrumbs\"><li class=\"ha-breadcrumbs-item ha-breadcrumbs-start\"><a href=\"https:\/\/lwtcommunications.com\/fr\/\" rel=\"home\"><span class=\"ha-breadcrumbs-text\"><span class=\"ha-breadcrumbs-home-icon\"><span class=\"hm hm-home\" aria-hidden=\"true\"><\/span><\/span>Accueil<\/span><\/a><\/li><\/ul>\t\t\t\t<\/div>\n\t\t\t\t<\/div>\n\t\t\t\t\t<\/div>\n\t\t<\/div>\n\t\t\t\t\t<\/div>\n\t\t<\/section>\n\t\t\t\t<section class=\"elementor-section elementor-top-section elementor-element elementor-element-fcad7da elementor-section-content-middle elementor-section-stretched elementor-section-boxed elementor-section-height-default elementor-section-height-default\" data-id=\"fcad7da\" data-element_type=\"section\" data-settings=\"{&quot;background_background&quot;:&quot;classic&quot;,&quot;stretch_section&quot;:&quot;section-stretched&quot;,&quot;_ha_eqh_enable&quot;:false}\">\n\t\t\t\t\t\t<div class=\"elementor-container elementor-column-gap-no\">\n\t\t\t\t\t<div class=\"elementor-column elementor-col-100 elementor-top-column elementor-element elementor-element-52058d1\" data-id=\"52058d1\" data-element_type=\"column\">\n\t\t\t<div class=\"elementor-widget-wrap elementor-element-populated\">\n\t\t\t\t\t\t<div class=\"elementor-element elementor-element-4115c5d elementor-invisible elementor-widget elementor-widget-heading\" data-id=\"4115c5d\" data-element_type=\"widget\" data-settings=\"{&quot;_animation&quot;:&quot;fadeInUp&quot;}\" data-widget_type=\"heading.default\">\n\t\t\t\t<div class=\"elementor-widget-container\">\n\t\t\t\t\t<h2 class=\"elementor-heading-title elementor-size-default\">Services de traduction pour les technologie de l\u2019information<\/h2>\t\t\t\t<\/div>\n\t\t\t\t<\/div>\n\t\t\t\t<section class=\"elementor-section elementor-inner-section elementor-element elementor-element-b3251c7 elementor-section-boxed elementor-section-height-default elementor-section-height-default\" data-id=\"b3251c7\" data-element_type=\"section\" data-settings=\"{&quot;_ha_eqh_enable&quot;:false}\">\n\t\t\t\t\t\t<div class=\"elementor-container elementor-column-gap-default\">\n\t\t\t\t\t<div class=\"elementor-column elementor-col-50 elementor-inner-column elementor-element elementor-element-688b34a\" data-id=\"688b34a\" data-element_type=\"column\">\n\t\t\t<div class=\"elementor-widget-wrap elementor-element-populated\">\n\t\t\t\t\t\t<div class=\"elementor-element elementor-element-28be6c7 elementor-invisible elementor-widget elementor-widget-text-editor\" data-id=\"28be6c7\" data-element_type=\"widget\" data-settings=\"{&quot;_animation&quot;:&quot;slideInLeft&quot;}\" data-widget_type=\"text-editor.default\">\n\t\t\t\t<div class=\"elementor-widget-container\">\n\t\t\t\t\t\t\t\t\t<p>La demande croissante pour les services li\u00e9s au domaine des technologies de l\u2019information et aux autres produits et services techniques sur le march\u00e9 mondial repr\u00e9sente pour les entreprises technologiques qui offrent des solutions multilingues la possibilit\u00e9 d\u2019\u00e9largir leurs horizons et de renforcer leur position et leur avantage concurrentiel sur la sc\u00e8ne internationale.<\/p><p>Nos services de traduction et de localisation permettent aux entreprises sp\u00e9cialis\u00e9es dans l\u2019industrie technologique et des logiciels d\u2019acc\u00e9der \u00e0 de nouveaux march\u00e9s cibles. Nos services vont bien au-del\u00e0 de la simple traduction\u00a0: nous tenons compte des diff\u00e9rences culturelles, de la r\u00e9glementations et des nuances dans l\u2019adaptation de votre contenu.<\/p><p>Outre leur expertise dans le domaine de la traduction technologique, nos traducteurs et nos r\u00e9viseurs internes poss\u00e8dent les qualifications et les connaissances linguistiques requises du milieu culturel cibl\u00e9.<\/p>\t\t\t\t\t\t\t\t<\/div>\n\t\t\t\t<\/div>\n\t\t\t\t\t<\/div>\n\t\t<\/div>\n\t\t\t\t<div class=\"elementor-column elementor-col-50 elementor-inner-column elementor-element elementor-element-13199a4\" data-id=\"13199a4\" data-element_type=\"column\">\n\t\t\t<div class=\"elementor-widget-wrap elementor-element-populated\">\n\t\t\t\t\t\t<div class=\"elementor-element elementor-element-6cf5b76 elementor-invisible elementor-widget elementor-widget-text-editor\" data-id=\"6cf5b76\" data-element_type=\"widget\" data-settings=\"{&quot;_animation&quot;:&quot;slideInRight&quot;}\" data-widget_type=\"text-editor.default\">\n\t\t\t\t<div class=\"elementor-widget-container\">\n\t\t\t\t\t\t\t\t\t<p>De plus, nous collaborons avec des sp\u00e9cialistes en la mati\u00e8re et des r\u00e9viseurs originaires des pays cibl\u00e9s qui s\u2019assurent que vos traductions sont pr\u00e9cises et adapt\u00e9es \u00e0 votre public.<\/p><p>Pour plus de d\u00e9tails sur la structure de notre \u00e9quipe de projet et nos processus, et pour savoir \u00e0 quoi vous attendre, cliquez\u00a0<a title=\"Nos processus\" href=\"https:\/\/lwtcommunications.com\/fr\/nos-processus\/\" data-udi=\"umb:\/\/document\/e2ff89c4757041dfa923fdf5549b2f4c\"><strong>ici<\/strong><\/a>.<\/p><p>LWT Communications offre des services de traduction et de localisation complets de m\u00eame que des services d\u2019assurance de la qualit\u00e9 linguistique, notamment pour les logiciels et applications, guides de l\u2019utilisateur et de l\u2019administrateur, aide en ligne, contenu de formation, apprentissage en ligne, et plus encore.<\/p>\t\t\t\t\t\t\t\t<\/div>\n\t\t\t\t<\/div>\n\t\t\t\t\t<\/div>\n\t\t<\/div>\n\t\t\t\t\t<\/div>\n\t\t<\/section>\n\t\t\t\t\t<\/div>\n\t\t<\/div>\n\t\t\t\t\t<\/div>\n\t\t<\/section>\n\t\t\t\t<\/div>\n\t\t","protected":false},"excerpt":{"rendered":"<p>TI Accueil Services de traduction pour les technologie de l\u2019information La demande croissante pour les services li\u00e9s au domaine des technologies de l\u2019information et aux autres produits et services techniques sur le march\u00e9 mondial repr\u00e9sente pour les entreprises technologiques qui offrent des solutions multilingues la possibilit\u00e9 d\u2019\u00e9largir leurs horizons et de renforcer leur position et [&hellip;]<\/p>\n","protected":false},"author":1,"featured_media":0,"parent":0,"menu_order":0,"comment_status":"closed","ping_status":"closed","template":"elementor_header_footer","meta":{"_acf_changed":false,"footnotes":""},"class_list":["post-2600","page","type-page","status-publish","hentry"],"acf":[],"_links":{"self":[{"href":"https:\/\/lwtcommunications.com\/fr\/wp-json\/wp\/v2\/pages\/2600","targetHints":{"allow":["GET"]}}],"collection":[{"href":"https:\/\/lwtcommunications.com\/fr\/wp-json\/wp\/v2\/pages"}],"about":[{"href":"https:\/\/lwtcommunications.com\/fr\/wp-json\/wp\/v2\/types\/page"}],"author":[{"embeddable":true,"href":"https:\/\/lwtcommunications.com\/fr\/wp-json\/wp\/v2\/users\/1"}],"replies":[{"embeddable":true,"href":"https:\/\/lwtcommunications.com\/fr\/wp-json\/wp\/v2\/comments?post=2600"}],"version-history":[{"count":9,"href":"https:\/\/lwtcommunications.com\/fr\/wp-json\/wp\/v2\/pages\/2600\/revisions"}],"predecessor-version":[{"id":3082,"href":"https:\/\/lwtcommunications.com\/fr\/wp-json\/wp\/v2\/pages\/2600\/revisions\/3082"}],"wp:attachment":[{"href":"https:\/\/lwtcommunications.com\/fr\/wp-json\/wp\/v2\/media?parent=2600"}],"curies":[{"name":"wp","href":"https:\/\/api.w.org\/{rel}","templated":true}]}}