{"id":2601,"date":"2014-08-29T08:00:40","date_gmt":"2014-08-29T08:00:40","guid":{"rendered":"https:\/\/lwtcommunications.com\/vous\/"},"modified":"2024-05-21T11:43:35","modified_gmt":"2024-05-21T11:43:35","slug":"vous","status":"publish","type":"page","link":"https:\/\/lwtcommunications.com\/fr\/vous\/","title":{"rendered":"Vous"},"content":{"rendered":"\n<style type=\"text\/css\" data-created_by=\"avia_inline_auto\" id=\"style-css-av-fxowj-333a5876cd691938b661260ad6d9468d\">\n.avia-section.av-fxowj-333a5876cd691938b661260ad6d9468d .av-parallax .av-parallax-inner{\nbackground-repeat:no-repeat;\nbackground-image:url(https:\/\/lwtcommunications.com\/wp-content\/uploads\/2024\/01\/aboutbanner-scaled.jpg);\nbackground-position:50% 50%;\nbackground-attachment:scroll;\n}\n.avia-section.av-fxowj-333a5876cd691938b661260ad6d9468d .av-section-color-overlay{\nopacity:0.8;\nbackground-color:#0a0a0a;\n}\n.avia-section.av-fxowj-333a5876cd691938b661260ad6d9468d .av-extra-border-element .av-extra-border-inner{\nbackground-color:#ffffff;\n}\n<\/style>\n<div id='av_section_1'  class='avia-section av-fxowj-333a5876cd691938b661260ad6d9468d main_color avia-section-default avia-no-border-styling  avia-builder-el-0  el_before_av_section  avia-builder-el-first  av-parallax-section avia-bg-style-parallax av-section-color-overlay-active av-arrow-down-section av-minimum-height av-minimum-height-custom av-height-custom  container_wrap sidebar_right'  data-section-bg-repeat='no-repeat' data-av_minimum_height_px='430'><div class='av-parallax' data-avia-parallax-ratio='0.3' ><div class='av-parallax-inner main_color avia-full-stretch'><\/div><\/div><div class=\"av-section-color-overlay-wrap\"><div class=\"av-section-color-overlay\"><\/div><div class='container av-section-cont-open' style='height:430px'><main  role=\"main\" itemprop=\"mainContentOfPage\"  class='template-page content  av-content-small alpha units'><div class='post-entry post-entry-type-page post-entry-2601'><div class='entry-content-wrapper clearfix'>\n\n<style type=\"text\/css\" data-created_by=\"avia_inline_auto\" id=\"style-css-av-f7o0r-87cd300cd2dd52cb469d8aabc5661ccc\">\n#top .av-special-heading.av-f7o0r-87cd300cd2dd52cb469d8aabc5661ccc{\npadding-bottom:40px;\ncolor:#ffffff;\n}\nbody .av-special-heading.av-f7o0r-87cd300cd2dd52cb469d8aabc5661ccc .av-special-heading-tag .heading-char{\nfont-size:25px;\n}\n#top #wrap_all .av-special-heading.av-f7o0r-87cd300cd2dd52cb469d8aabc5661ccc .av-special-heading-tag{\nfont-size:72px;\n}\n.av-special-heading.av-f7o0r-87cd300cd2dd52cb469d8aabc5661ccc .special-heading-inner-border{\nborder-color:#1c1c1c;\n}\n.av-special-heading.av-f7o0r-87cd300cd2dd52cb469d8aabc5661ccc .av-subheading{\nfont-size:20px;\ncolor:#1c1c1c;\n}\nbody .av-special-heading.av-f7o0r-87cd300cd2dd52cb469d8aabc5661ccc .av-special-heading-tag .heading-wrap:before{\nborder-color:#1c1c1c;\n}\nbody .av-special-heading.av-f7o0r-87cd300cd2dd52cb469d8aabc5661ccc .av-special-heading-tag .heading-wrap:after{\nborder-color:#1c1c1c;\n}\n<\/style>\n<div  class='av-special-heading av-f7o0r-87cd300cd2dd52cb469d8aabc5661ccc av-special-heading-h2 custom-color-heading  avia-builder-el-1  avia-builder-el-no-sibling '><h2 class='av-special-heading-tag'  itemprop=\"headline\"  >Toujours l\u00e0 pour vous<\/h2><div class=\"special-heading-border\"><div class=\"special-heading-inner-border\"><\/div><\/div><\/div>\n<\/div><\/div><\/main><!-- close content main element --><\/div><div class='av-extra-border-element border-extra-arrow-down'><div class='av-extra-border-outer'><div class='av-extra-border-inner'><\/div><\/div><\/div><\/div><\/div>\n<style type=\"text\/css\" data-created_by=\"avia_inline_auto\" id=\"style-css-av-eqg6v-5993859c0df7e564c2e1059921639f98\">\n.avia-section.av-eqg6v-5993859c0df7e564c2e1059921639f98 .av-extra-border-element .av-extra-border-inner{\nbackground-color:#ffffff;\n}\n<\/style>\n<div id='av_section_2'  class='avia-section av-eqg6v-5993859c0df7e564c2e1059921639f98 main_color avia-section-large avia-no-border-styling  avia-builder-el-2  el_after_av_section  el_before_av_section  avia-bg-style-scroll av-arrow-down-section container_wrap sidebar_right'  ><div class='container av-section-cont-open' ><div class='template-page content  av-content-small alpha units'><div class='post-entry post-entry-type-page post-entry-2601'><div class='entry-content-wrapper clearfix'>\n<div  class='flex_column av-dvglr-5a4ea84a71a13f71dc47e398fdf6728e av_one_fifth  avia-builder-el-3  el_before_av_two_fifth  avia-builder-el-first  first flex_column_div  '     ><style type=\"text\/css\" data-created_by=\"avia_inline_auto\" id=\"style-css-av-dmc1z-93dd405e90a889493c262d6356647924\">\n.avia-image-container.av-dmc1z-93dd405e90a889493c262d6356647924 img.avia_image{\nbox-shadow:none;\n}\n.avia-image-container.av-dmc1z-93dd405e90a889493c262d6356647924 .av-image-caption-overlay-center{\ncolor:#ffffff;\n}\n<\/style>\n<div  class='avia-image-container av-dmc1z-93dd405e90a889493c262d6356647924 av-styling-no-styling avia_animated_image av-animated-when-visible-95 pop-up avia-align-center  avia-builder-el-4  avia-builder-el-no-sibling '   itemprop=\"image\" itemscope=\"itemscope\" itemtype=\"https:\/\/schema.org\/ImageObject\" ><div class=\"avia-image-container-inner\"><div class=\"avia-image-overlay-wrap\"><img fetchpriority=\"high\" fetchpriority=\"high\" decoding=\"async\" fetchpriority=\"high\" class='wp-image-2574 avia-img-lazy-loading-not-2574 avia_image ' src=\"https:\/\/lwtcommunications.com\/wp-content\/uploads\/2024\/01\/Logo-300x300.png\" alt='LWT Favicon' title='Logo'  height=\"300\" width=\"300\"  itemprop=\"thumbnailUrl\" srcset=\"https:\/\/lwtcommunications.com\/wp-content\/uploads\/2024\/01\/Logo-300x300.png 300w, https:\/\/lwtcommunications.com\/wp-content\/uploads\/2024\/01\/Logo-80x80.png 80w, https:\/\/lwtcommunications.com\/wp-content\/uploads\/2024\/01\/Logo-36x36.png 36w, https:\/\/lwtcommunications.com\/wp-content\/uploads\/2024\/01\/Logo-180x180.png 180w, https:\/\/lwtcommunications.com\/wp-content\/uploads\/2024\/01\/Logo.png 500w\" sizes=\"(max-width: 300px) 100vw, 300px\" \/><\/div><\/div><\/div><\/div><div  class='flex_column av-d2pvr-fdd03fe435ab45d0734f0d4862eef7bb av_two_fifth  avia-builder-el-5  el_after_av_one_fifth  el_before_av_two_fifth  flex_column_div  '     ><style type=\"text\/css\" data-created_by=\"avia_inline_auto\" id=\"style-css-av-bg6xr-905b0712746630d86df33dbb8fe18609\">\n#top .av_textblock_section.av-bg6xr-905b0712746630d86df33dbb8fe18609 .avia_textblock{\nfont-size:18px;\n}\n<\/style>\n<section  class='av_textblock_section av-bg6xr-905b0712746630d86df33dbb8fe18609 '   itemscope=\"itemscope\" itemtype=\"https:\/\/schema.org\/CreativeWork\" ><div class='avia_textblock'  itemprop=\"text\" ><p>Vous repr\u00e9sentez des entreprises dans tous les domaines \u2013 automobile, finance, pharmaceutique, m\u00e9decine, gouvernement et plus \u2013 et vous \u00eates en droit d\u2019attendre des traductions pr\u00e9cises et fiables de vos documents importants.<\/p>\n<p>Parmi les types de services que vous attendez de nous figurent la localisation de logiciels, la publication assist\u00e9e par ordinateur et en ligne, l\u2019apprentissage en ligne et la localisation de vid\u00e9os, la gestion de projets et les services de consultance.<\/p>\n<\/div><\/section><\/div><div  class='flex_column av-b1xfn-afb49cf8e071d1a0090ce9c6983713c5 av_two_fifth  avia-builder-el-7  el_after_av_two_fifth  avia-builder-el-last  flex_column_div  '     ><style type=\"text\/css\" data-created_by=\"avia_inline_auto\" id=\"style-css-av-lr538k3f-0222daf2ef162f081bf566fd9212b268\">\n#top .av_textblock_section.av-lr538k3f-0222daf2ef162f081bf566fd9212b268 .avia_textblock{\nfont-size:18px;\n}\n<\/style>\n<section  class='av_textblock_section av-lr538k3f-0222daf2ef162f081bf566fd9212b268 '   itemscope=\"itemscope\" itemtype=\"https:\/\/schema.org\/CreativeWork\" ><div class='avia_textblock'  itemprop=\"text\" ><p>Vous attendez de nous que nous agissions en tant que partenaires, et que nous comprenions parfaitement vos processus et vos besoins de traduction. Vous attendez de nous que nous agissions de mani\u00e8re \u00e0 pr\u00e9server votre confidentialit\u00e9 et votre vie priv\u00e9e.<\/p>\n<p>Vous attendez de vos messages et de votre contenu qu\u2019ils touchent vos publics cibles de mani\u00e8re \u00e0 ce qu\u2019ils puissent comprendre et internaliser l\u2019information communiqu\u00e9e. Si c\u2019est ce que vous recherchez, n\u2019h\u00e9sitez plus.<\/p>\n<\/div><\/section><\/div><\/div><\/div><\/div><!-- close content main div --><\/div><div class='av-extra-border-element border-extra-arrow-down'><div class='av-extra-border-outer'><div class='av-extra-border-inner'><\/div><\/div><\/div><\/div>\n<style type=\"text\/css\" data-created_by=\"avia_inline_auto\" id=\"style-css-av-6vgov-f07f01b4c11b62819cbe5492d515d126\">\n.avia-section.av-6vgov-f07f01b4c11b62819cbe5492d515d126{\nbackground-color:#eaeaea;\nbackground-image:unset;\n}\n<\/style>\n<div id='av_section_3'  class='avia-section av-6vgov-f07f01b4c11b62819cbe5492d515d126 main_color avia-section-default avia-no-shadow  avia-builder-el-9  el_after_av_section  avia-builder-el-last  av-desktop-hide av-medium-hide av-small-hide av-mini-hide avia-bg-style-scroll container_wrap sidebar_right'  ><div class='container av-section-cont-open' ><div class='template-page content  av-content-small alpha units'><div class='post-entry post-entry-type-page post-entry-2601'><div class='entry-content-wrapper clearfix'>\n<div  class='flex_column av-6b173-e826eaffa446b623fa4e5b98c136c7f7 av_one_fourth  avia-builder-el-10  el_before_av_one_fourth  avia-builder-el-first  first flex_column_div  '     ><div  class=\"avia-animated-number av-5tfxv-a90d243fc82af93c8d54c1eb60490b83 av-force-default-color avia_animate_when_visible  avia-builder-el-11  avia-builder-el-no-sibling  \" data-timer=\"3000\"><strong class=\"heading avia-animated-number-title\"><span class=\"avia-no-number\">+<\/span><span class=\"avia-single-number __av-single-number\" data-number_format=\"\" data-number=\"100\" data-start_from=\"0\">100<\/span><\/strong><div class=\"avia-animated-number-content\"><p>Client\u00e8le<\/p>\n<\/div><\/div><\/div><div  class='flex_column av-53ogz-75e909bb52edc8b6e72108108023facc av_one_fourth  avia-builder-el-12  el_after_av_one_fourth  el_before_av_one_fourth  flex_column_div  '     ><div  class=\"avia-animated-number av-4gngj-3359520ffc21eae974af5c30ce2c7c54 av-force-default-color avia_animate_when_visible  avia-builder-el-13  avia-builder-el-no-sibling  \" data-timer=\"3000\"><strong class=\"heading avia-animated-number-title\"><span class=\"avia-no-number\">+<\/span><span class=\"avia-single-number __av-single-number\" data-number_format=\"\" data-number=\"800\" data-start_from=\"0\">800<\/span><\/strong><div class=\"avia-animated-number-content\"><p>Projets termin\u00e9s<\/p>\n<\/div><\/div><\/div><div  class='flex_column av-3oe3j-38f1e3447ecda72853138f49f369d503 av_one_fourth  avia-builder-el-14  el_after_av_one_fourth  el_before_av_one_fourth  flex_column_div  '     ><div  class=\"avia-animated-number av-3idl3-3082f3b057edc5f2207aad408f2b71f0 av-force-default-color avia_animate_when_visible  avia-builder-el-15  avia-builder-el-no-sibling  \" data-timer=\"3000\"><strong class=\"heading avia-animated-number-title\"><span class=\"avia-no-number\">+<\/span><span class=\"avia-single-number __av-single-number\" data-number_format=\"\" data-number=\"25000\" data-start_from=\"0\">25000<\/span><\/strong><div class=\"avia-animated-number-content\"><p>Heures d&rsquo;exp\u00e9rience<\/p>\n<\/div><\/div><\/div><div  class='flex_column av-2yle7-081b70c5517ddbba6e05ec60deaab323 av_one_fourth  avia-builder-el-16  el_after_av_one_fourth  avia-builder-el-last  flex_column_div  '     ><div  class=\"avia-animated-number av-1vq5z-368a7911cf2c7bf04108256d60a78303 av-force-default-color avia_animate_when_visible  avia-builder-el-17  avia-builder-el-no-sibling  \" data-timer=\"3000\"><strong class=\"heading avia-animated-number-title\"><span class=\"avia-no-number\">+<\/span><span class=\"avia-single-number __av-single-number\" data-number_format=\"\" data-number=\"80\" data-start_from=\"0\">80<\/span><\/strong><div class=\"avia-animated-number-content\"><p>Traduire<\/p>\n<\/div><\/div><\/div>\n<\/div><\/div><\/div><!-- close content main div --><\/div><\/div><div id='after_section_3'  class='main_color av_default_container_wrap container_wrap sidebar_right'  ><div class='container av-section-cont-open' ><div class='template-page content  av-content-small alpha units'><div class='post-entry post-entry-type-page post-entry-2601'><div class='entry-content-wrapper clearfix'><\/p>\n","protected":false},"excerpt":{"rendered":"","protected":false},"author":1,"featured_media":0,"parent":0,"menu_order":0,"comment_status":"open","ping_status":"closed","template":"","meta":{"_acf_changed":false,"footnotes":""},"class_list":["post-2601","page","type-page","status-publish","hentry"],"acf":[],"_links":{"self":[{"href":"https:\/\/lwtcommunications.com\/fr\/wp-json\/wp\/v2\/pages\/2601","targetHints":{"allow":["GET"]}}],"collection":[{"href":"https:\/\/lwtcommunications.com\/fr\/wp-json\/wp\/v2\/pages"}],"about":[{"href":"https:\/\/lwtcommunications.com\/fr\/wp-json\/wp\/v2\/types\/page"}],"author":[{"embeddable":true,"href":"https:\/\/lwtcommunications.com\/fr\/wp-json\/wp\/v2\/users\/1"}],"replies":[{"embeddable":true,"href":"https:\/\/lwtcommunications.com\/fr\/wp-json\/wp\/v2\/comments?post=2601"}],"version-history":[{"count":6,"href":"https:\/\/lwtcommunications.com\/fr\/wp-json\/wp\/v2\/pages\/2601\/revisions"}],"predecessor-version":[{"id":2819,"href":"https:\/\/lwtcommunications.com\/fr\/wp-json\/wp\/v2\/pages\/2601\/revisions\/2819"}],"wp:attachment":[{"href":"https:\/\/lwtcommunications.com\/fr\/wp-json\/wp\/v2\/media?parent=2601"}],"curies":[{"name":"wp","href":"https:\/\/api.w.org\/{rel}","templated":true}]}}