{"id":2615,"date":"2024-01-16T15:08:33","date_gmt":"2024-01-16T15:08:33","guid":{"rendered":"https:\/\/lwtcommunications.com\/politique-9001-17100\/"},"modified":"2024-06-27T10:19:48","modified_gmt":"2024-06-27T10:19:48","slug":"politique-9001-17100","status":"publish","type":"page","link":"https:\/\/lwtcommunications.com\/fr\/politique-9001-17100\/","title":{"rendered":"Politique 9001 17100"},"content":{"rendered":"\t\t<div data-elementor-type=\"wp-page\" data-elementor-id=\"2615\" class=\"elementor elementor-2615\" data-elementor-settings=\"{&quot;ha_cmc_init_switcher&quot;:&quot;no&quot;}\" data-elementor-post-type=\"page\">\n\t\t\t\t\t\t<section class=\"elementor-section elementor-top-section elementor-element elementor-element-56dae42 elementor-section-full_width elementor-section-stretched elementor-section-height-min-height elementor-section-height-default elementor-section-items-middle\" data-id=\"56dae42\" data-element_type=\"section\" data-settings=\"{&quot;stretch_section&quot;:&quot;section-stretched&quot;,&quot;background_background&quot;:&quot;classic&quot;,&quot;_ha_eqh_enable&quot;:false}\">\n\t\t\t\t\t\t<div class=\"elementor-container elementor-column-gap-default\">\n\t\t\t\t\t<div class=\"elementor-column elementor-col-100 elementor-top-column elementor-element elementor-element-3e5f95b\" data-id=\"3e5f95b\" data-element_type=\"column\">\n\t\t\t<div class=\"elementor-widget-wrap elementor-element-populated\">\n\t\t\t\t\t\t<div class=\"elementor-element elementor-element-fa524f2 elementor-invisible elementor-widget elementor-widget-heading\" data-id=\"fa524f2\" data-element_type=\"widget\" data-settings=\"{&quot;_animation&quot;:&quot;zoomIn&quot;}\" data-widget_type=\"heading.default\">\n\t\t\t\t<div class=\"elementor-widget-container\">\n\t\t\t\t\t<h1 class=\"elementor-heading-title elementor-size-default\">Politique de confidentialit\u00e9<\/h1>\t\t\t\t<\/div>\n\t\t\t\t<\/div>\n\t\t\t\t<div class=\"elementor-element elementor-element-4fc0764 animated-slow elementor-invisible elementor-widget elementor-widget-ha-breadcrumbs happy-addon ha-breadcrumbs happy-addon-pro\" data-id=\"4fc0764\" data-element_type=\"widget\" data-settings=\"{&quot;_animation&quot;:&quot;zoomIn&quot;}\" data-widget_type=\"ha-breadcrumbs.default\">\n\t\t\t\t<div class=\"elementor-widget-container\">\n\t\t\t\t\t<ul class=\"ha-breadcrumbs\"><li class=\"ha-breadcrumbs-item ha-breadcrumbs-start\"><a href=\"https:\/\/lwtcommunications.com\/fr\/\" rel=\"home\"><span class=\"ha-breadcrumbs-text\"><span class=\"ha-breadcrumbs-home-icon\"><span class=\"hm hm-home\" aria-hidden=\"true\"><\/span><\/span>Accueil<\/span><\/a><\/li><\/ul>\t\t\t\t<\/div>\n\t\t\t\t<\/div>\n\t\t\t\t\t<\/div>\n\t\t<\/div>\n\t\t\t\t\t<\/div>\n\t\t<\/section>\n\t\t\t\t<section class=\"elementor-section elementor-top-section elementor-element elementor-element-a65759b elementor-section-content-middle elementor-section-stretched elementor-section-boxed elementor-section-height-default elementor-section-height-default\" data-id=\"a65759b\" data-element_type=\"section\" data-settings=\"{&quot;background_background&quot;:&quot;classic&quot;,&quot;stretch_section&quot;:&quot;section-stretched&quot;,&quot;_ha_eqh_enable&quot;:false}\">\n\t\t\t\t\t\t<div class=\"elementor-container elementor-column-gap-no\">\n\t\t\t\t\t<div class=\"elementor-column elementor-col-100 elementor-top-column elementor-element elementor-element-d934622\" data-id=\"d934622\" data-element_type=\"column\">\n\t\t\t<div class=\"elementor-widget-wrap elementor-element-populated\">\n\t\t\t\t\t\t<div class=\"elementor-element elementor-element-29ba5bb elementor-invisible elementor-widget elementor-widget-heading\" data-id=\"29ba5bb\" data-element_type=\"widget\" data-settings=\"{&quot;_animation&quot;:&quot;fadeInUp&quot;}\" data-widget_type=\"heading.default\">\n\t\t\t\t<div class=\"elementor-widget-container\">\n\t\t\t\t\t<h2 class=\"elementor-heading-title elementor-size-default\">The LWT Communications Quality Policy:<\/h2>\t\t\t\t<\/div>\n\t\t\t\t<\/div>\n\t\t\t\t<section class=\"elementor-section elementor-inner-section elementor-element elementor-element-6c3161a elementor-section-boxed elementor-section-height-default elementor-section-height-default\" data-id=\"6c3161a\" data-element_type=\"section\" data-settings=\"{&quot;_ha_eqh_enable&quot;:false}\">\n\t\t\t\t\t\t<div class=\"elementor-container elementor-column-gap-default\">\n\t\t\t\t\t<div class=\"elementor-column elementor-col-50 elementor-inner-column elementor-element elementor-element-fca1a86\" data-id=\"fca1a86\" data-element_type=\"column\">\n\t\t\t<div class=\"elementor-widget-wrap elementor-element-populated\">\n\t\t\t\t\t\t<div class=\"elementor-element elementor-element-a1f1ece elementor-invisible elementor-widget elementor-widget-text-editor\" data-id=\"a1f1ece\" data-element_type=\"widget\" data-settings=\"{&quot;_animation&quot;:&quot;slideInLeft&quot;}\" data-widget_type=\"text-editor.default\">\n\t\t\t\t<div class=\"elementor-widget-container\">\n\t\t\t\t\t\t\t\t\t<div data-ogsc=\"black\">Politique de qualit\u00e9 de LWT Communications\u00a0: La direction de LWT Communications a cr\u00e9\u00e9 cette politique de qualit\u00e9 et assure sa mise en \u0153uvre et sa mise \u00e0 jour dans le cadre de son syst\u00e8me de gestion de la qualit\u00e9 des traductions.<\/div><div aria-hidden=\"true\" data-ogsc=\"black\">\u00a0<\/div><div data-ogsc=\"black\">LWT Communications a d\u00e9termin\u00e9, \u00e0 travers ses revues de direction, que cette politique de qualit\u00e9 satisfait aux objectifs et au contexte de LWT Communications, et soutient sa direction strat\u00e9gique.<\/div><div aria-hidden=\"true\" data-ogsc=\"black\">\u00a0<\/div><div data-ogsc=\"black\">LWT Communications fournit un cadre pour l\u2019\u00e9tablissement des objectifs en mati\u00e8re de traduction et de qualit\u00e9 \u00e0 travers ses revues de direction.<\/div><div aria-hidden=\"true\" data-ogsc=\"black\">\u00a0<\/div><div data-ogsc=\"black\">LWT Communications s\u2019engage \u00e0 satisfaire toutes les exigences applicables, y compris les versions actuelles des normes ISO 9001 et ISO 17100.<\/div><div aria-hidden=\"true\" data-ogsc=\"black\">\u00a0<\/div><div data-ogsc=\"black\">LWT Communications s\u2019engage \u00e0 am\u00e9liorer de fa\u00e7on continue son syst\u00e8me de gestion de la qualit\u00e9 des traductions \u00e0 travers ses v\u00e9rifications internes, ses revues de direction et ses projets d\u2019am\u00e9lioration continue.<span style=\"color: var( --e-global-color-text );\">\u00a0<\/span><\/div>\t\t\t\t\t\t\t\t<\/div>\n\t\t\t\t<\/div>\n\t\t\t\t\t<\/div>\n\t\t<\/div>\n\t\t\t\t<div class=\"elementor-column elementor-col-50 elementor-inner-column elementor-element elementor-element-6c68999\" data-id=\"6c68999\" data-element_type=\"column\">\n\t\t\t<div class=\"elementor-widget-wrap elementor-element-populated\">\n\t\t\t\t\t\t<div class=\"elementor-element elementor-element-7d7fcb3 elementor-invisible elementor-widget elementor-widget-text-editor\" data-id=\"7d7fcb3\" data-element_type=\"widget\" data-settings=\"{&quot;_animation&quot;:&quot;slideInRight&quot;}\" data-widget_type=\"text-editor.default\">\n\t\t\t\t<div class=\"elementor-widget-container\">\n\t\t\t\t\t\t\t\t\t<div style=\"font-style: normal; font-variant-ligatures: normal; font-variant-caps: normal; font-weight: 400; font-size: 18px; font-family: Montserrat;\" data-ogsc=\"black\">Cette politique de qualit\u00e9 est disponible et mise \u00e0 jour \u00e0 titre d\u2019information document\u00e9e conform\u00e9ment aux directives P-DC r\u00e9gissant la documentation et aux directives P-IEC r\u00e9gissant les communications internes et externes.<\/div><div style=\"font-style: normal; font-variant-ligatures: normal; font-variant-caps: normal; font-weight: 400; font-size: 18px; font-family: Montserrat;\" aria-hidden=\"true\" data-ogsc=\"black\">\u00a0<\/div><div style=\"font-style: normal; font-variant-ligatures: normal; font-variant-caps: normal; font-weight: 400; font-size: 18px; font-family: Montserrat;\" data-ogsc=\"black\">Cette politique de qualit\u00e9 est communiqu\u00e9e, comprise et appliqu\u00e9e au sein de LWT Communications.<\/div><div style=\"font-style: normal; font-variant-ligatures: normal; font-variant-caps: normal; font-weight: 400; font-size: 18px; font-family: Montserrat;\" aria-hidden=\"true\" data-ogsc=\"black\">\u00a0<\/div><div style=\"font-style: normal; font-variant-ligatures: normal; font-variant-caps: normal; font-weight: 400; font-size: 18px; font-family: Montserrat;\" data-ogsc=\"black\">Cette politique de qualit\u00e9 est disponible pour les parties int\u00e9ress\u00e9es pertinentes, conform\u00e9ment aux directives P-IEC r\u00e9gissant les communications internes et externes.<\/div><div style=\"font-style: normal; font-variant-ligatures: normal; font-variant-caps: normal; font-weight: 400; font-size: 18px; font-family: Montserrat;\" aria-hidden=\"true\" data-ogsc=\"black\">\u00a0<\/div><div style=\"font-style: normal; font-variant-ligatures: normal; font-variant-caps: normal; font-weight: 400; font-size: 18px; font-family: Montserrat;\" data-ogsc=\"black\">En raison de la crise sanitaire mondiale de la COVID-19, LWT Communications augmente ses capacit\u00e9s en vue d\u2019aider ses clients et de r\u00e9pondre \u00e0 leurs demandes de traduction urgentes li\u00e9es \u00e0 la pand\u00e9mie tout en maintenant le m\u00eame niveau de service pour toutes les autres demandes courantes.<\/div>\t\t\t\t\t\t\t\t<\/div>\n\t\t\t\t<\/div>\n\t\t\t\t\t<\/div>\n\t\t<\/div>\n\t\t\t\t\t<\/div>\n\t\t<\/section>\n\t\t\t\t\t<\/div>\n\t\t<\/div>\n\t\t\t\t\t<\/div>\n\t\t<\/section>\n\t\t\t\t<\/div>\n\t\t","protected":false},"excerpt":{"rendered":"<p>Politique de confidentialit\u00e9 Accueil The LWT Communications Quality Policy: Politique de qualit\u00e9 de LWT Communications\u00a0: La direction de LWT Communications a cr\u00e9\u00e9 cette politique de qualit\u00e9 et assure sa mise en \u0153uvre et sa mise \u00e0 jour dans le cadre de son syst\u00e8me de gestion de la qualit\u00e9 des traductions.\u00a0LWT Communications a d\u00e9termin\u00e9, \u00e0 travers [&hellip;]<\/p>\n","protected":false},"author":1,"featured_media":0,"parent":0,"menu_order":0,"comment_status":"closed","ping_status":"closed","template":"elementor_header_footer","meta":{"_acf_changed":false,"footnotes":""},"class_list":["post-2615","page","type-page","status-publish","hentry"],"acf":[],"_links":{"self":[{"href":"https:\/\/lwtcommunications.com\/fr\/wp-json\/wp\/v2\/pages\/2615","targetHints":{"allow":["GET"]}}],"collection":[{"href":"https:\/\/lwtcommunications.com\/fr\/wp-json\/wp\/v2\/pages"}],"about":[{"href":"https:\/\/lwtcommunications.com\/fr\/wp-json\/wp\/v2\/types\/page"}],"author":[{"embeddable":true,"href":"https:\/\/lwtcommunications.com\/fr\/wp-json\/wp\/v2\/users\/1"}],"replies":[{"embeddable":true,"href":"https:\/\/lwtcommunications.com\/fr\/wp-json\/wp\/v2\/comments?post=2615"}],"version-history":[{"count":18,"href":"https:\/\/lwtcommunications.com\/fr\/wp-json\/wp\/v2\/pages\/2615\/revisions"}],"predecessor-version":[{"id":3118,"href":"https:\/\/lwtcommunications.com\/fr\/wp-json\/wp\/v2\/pages\/2615\/revisions\/3118"}],"wp:attachment":[{"href":"https:\/\/lwtcommunications.com\/fr\/wp-json\/wp\/v2\/media?parent=2615"}],"curies":[{"name":"wp","href":"https:\/\/api.w.org\/{rel}","templated":true}]}}