{"id":2617,"date":"2024-01-23T14:13:01","date_gmt":"2024-01-23T14:13:01","guid":{"rendered":"https:\/\/lwtcommunications.com\/automobile\/"},"modified":"2024-05-24T22:09:00","modified_gmt":"2024-05-24T22:09:00","slug":"automobile","status":"publish","type":"page","link":"https:\/\/lwtcommunications.com\/fr\/automobile\/","title":{"rendered":"Automobile"},"content":{"rendered":"\t\t<div data-elementor-type=\"wp-page\" data-elementor-id=\"2617\" class=\"elementor elementor-2617\" data-elementor-settings=\"{&quot;ha_cmc_init_switcher&quot;:&quot;no&quot;}\" data-elementor-post-type=\"page\">\n\t\t\t\t\t\t<section class=\"elementor-section elementor-top-section elementor-element elementor-element-d662298 elementor-section-full_width elementor-section-stretched elementor-section-height-min-height elementor-section-height-default elementor-section-items-middle\" data-id=\"d662298\" data-element_type=\"section\" data-settings=\"{&quot;stretch_section&quot;:&quot;section-stretched&quot;,&quot;background_background&quot;:&quot;classic&quot;,&quot;_ha_eqh_enable&quot;:false}\">\n\t\t\t\t\t\t<div class=\"elementor-container elementor-column-gap-default\">\n\t\t\t\t\t<div class=\"elementor-column elementor-col-100 elementor-top-column elementor-element elementor-element-01544ce\" data-id=\"01544ce\" data-element_type=\"column\">\n\t\t\t<div class=\"elementor-widget-wrap elementor-element-populated\">\n\t\t\t\t\t\t<div class=\"elementor-element elementor-element-144d4f8 elementor-invisible elementor-widget elementor-widget-heading\" data-id=\"144d4f8\" data-element_type=\"widget\" data-settings=\"{&quot;_animation&quot;:&quot;zoomIn&quot;}\" data-widget_type=\"heading.default\">\n\t\t\t\t<div class=\"elementor-widget-container\">\n\t\t\t\t\t<h1 class=\"elementor-heading-title elementor-size-default\">Automobile<\/h1>\t\t\t\t<\/div>\n\t\t\t\t<\/div>\n\t\t\t\t<div class=\"elementor-element elementor-element-498c74b animated-slow elementor-invisible elementor-widget elementor-widget-ha-breadcrumbs happy-addon ha-breadcrumbs happy-addon-pro\" data-id=\"498c74b\" data-element_type=\"widget\" data-settings=\"{&quot;_animation&quot;:&quot;zoomIn&quot;}\" data-widget_type=\"ha-breadcrumbs.default\">\n\t\t\t\t<div class=\"elementor-widget-container\">\n\t\t\t\t\t<ul class=\"ha-breadcrumbs\"><li class=\"ha-breadcrumbs-item ha-breadcrumbs-start\"><a href=\"https:\/\/lwtcommunications.com\/fr\/\" rel=\"home\"><span class=\"ha-breadcrumbs-text\"><span class=\"ha-breadcrumbs-home-icon\"><span class=\"hm hm-home\" aria-hidden=\"true\"><\/span><\/span>Accueil<\/span><\/a><\/li><\/ul>\t\t\t\t<\/div>\n\t\t\t\t<\/div>\n\t\t\t\t\t<\/div>\n\t\t<\/div>\n\t\t\t\t\t<\/div>\n\t\t<\/section>\n\t\t\t\t<section class=\"elementor-section elementor-top-section elementor-element elementor-element-1f3b2e2 elementor-section-content-middle elementor-section-stretched elementor-section-boxed elementor-section-height-default elementor-section-height-default\" data-id=\"1f3b2e2\" data-element_type=\"section\" data-settings=\"{&quot;background_background&quot;:&quot;classic&quot;,&quot;stretch_section&quot;:&quot;section-stretched&quot;,&quot;_ha_eqh_enable&quot;:false}\">\n\t\t\t\t\t\t<div class=\"elementor-container elementor-column-gap-no\">\n\t\t\t\t\t<div class=\"elementor-column elementor-col-100 elementor-top-column elementor-element elementor-element-891339a\" data-id=\"891339a\" data-element_type=\"column\">\n\t\t\t<div class=\"elementor-widget-wrap elementor-element-populated\">\n\t\t\t\t\t\t<div class=\"elementor-element elementor-element-9240300 elementor-invisible elementor-widget elementor-widget-heading\" data-id=\"9240300\" data-element_type=\"widget\" data-settings=\"{&quot;_animation&quot;:&quot;fadeInUp&quot;}\" data-widget_type=\"heading.default\">\n\t\t\t\t<div class=\"elementor-widget-container\">\n\t\t\t\t\t<h2 class=\"elementor-heading-title elementor-size-default\">Services de traduction pour l\u2019industrie automobile\n<\/h2>\t\t\t\t<\/div>\n\t\t\t\t<\/div>\n\t\t\t\t<section class=\"elementor-section elementor-inner-section elementor-element elementor-element-16efc8a elementor-section-boxed elementor-section-height-default elementor-section-height-default\" data-id=\"16efc8a\" data-element_type=\"section\" data-settings=\"{&quot;_ha_eqh_enable&quot;:false}\">\n\t\t\t\t\t\t<div class=\"elementor-container elementor-column-gap-default\">\n\t\t\t\t\t<div class=\"elementor-column elementor-col-50 elementor-inner-column elementor-element elementor-element-baeafea\" data-id=\"baeafea\" data-element_type=\"column\">\n\t\t\t<div class=\"elementor-widget-wrap elementor-element-populated\">\n\t\t\t\t\t\t<div class=\"elementor-element elementor-element-72fa08d elementor-invisible elementor-widget elementor-widget-text-editor\" data-id=\"72fa08d\" data-element_type=\"widget\" data-settings=\"{&quot;_animation&quot;:&quot;slideInLeft&quot;}\" data-widget_type=\"text-editor.default\">\n\t\t\t\t<div class=\"elementor-widget-container\">\n\t\t\t\t\t\t\t\t\t<p>En tant qu\u2019automobilistes, nous exigeons des v\u00e9hicules d\u2019une qualit\u00e9 et d\u2019une fiabilit\u00e9 irr\u00e9prochable. En tant que fournisseur de services, nous comprenons que ces m\u00eames exigences s\u2019appliquent aux services que nous offrons \u00e0 nos clients du secteur automobile.<\/p><p>Des bulletins techniques aux pr\u00e9sentations de pointe con\u00e7ues pour assurer la formation de vos techniciens, en passant par vos superbes brochures de marketing pr\u00e9sentant vos plus r\u00e9cents mod\u00e8les, nous r\u00e9pondons \u00e0 tous vos besoins en mati\u00e8re de traduction automobile.<\/p><p>Dans le secteur hautement comp\u00e9titif de l\u2019automobile, il est imp\u00e9ratif de toujours employer le mot et le ton justes pour transmettre votre information technique ou votre message de marketing.<\/p>\t\t\t\t\t\t\t\t<\/div>\n\t\t\t\t<\/div>\n\t\t\t\t\t<\/div>\n\t\t<\/div>\n\t\t\t\t<div class=\"elementor-column elementor-col-50 elementor-inner-column elementor-element elementor-element-d85c817\" data-id=\"d85c817\" data-element_type=\"column\">\n\t\t\t<div class=\"elementor-widget-wrap elementor-element-populated\">\n\t\t\t\t\t\t<div class=\"elementor-element elementor-element-f067b96 elementor-invisible elementor-widget elementor-widget-text-editor\" data-id=\"f067b96\" data-element_type=\"widget\" data-settings=\"{&quot;_animation&quot;:&quot;slideInLeft&quot;}\" data-widget_type=\"text-editor.default\">\n\t\t\t\t<div class=\"elementor-widget-container\">\n\t\t\t\t\t\t\t\t\t<p>Notre \u00e9quipe de traducteurs et de r\u00e9viseurs qualifi\u00e9s poss\u00e8dent des ann\u00e9es d\u2019exp\u00e9rience dans ce domaine. Ils savent adopter un ton \u00ab\u00a0pragmatique\u00a0\u00bb et \u00ab\u00a0fonctionnel\u00a0\u00bb dans vos communications adress\u00e9es \u00e0 vos techniciens, ou encore un ton \u00ab persuasif \u00bb lorsqu\u2019ils s\u2019adressent vos clients potentiels pour les convaincre de se rendre chez votre concessionnaire le plus proche.<\/p><p>Pour plus de d\u00e9tails sur la structure de notre \u00e9quipe de projet et nos processus, et pour savoir \u00e0 quoi vous attendre, cliquez\u00a0<strong><a title=\"Nos processus\" href=\"https:\/\/lwtcommunications.com\/fr\/nos-processus\/\" data-udi=\"umb:\/\/document\/e2ff89c4757041dfa923fdf5549b2f4c\">ici<\/a><\/strong>.<\/p><p>Nous traduisons notamment des bulletins techniques, des manuels d\u2019entretien, du contenu de formation, des manuels sur les produits, des brochures, des sites Web, des publicit\u00e9s, du mat\u00e9riel de marketing et plus encore.<\/p>\t\t\t\t\t\t\t\t<\/div>\n\t\t\t\t<\/div>\n\t\t\t\t\t<\/div>\n\t\t<\/div>\n\t\t\t\t\t<\/div>\n\t\t<\/section>\n\t\t\t\t\t<\/div>\n\t\t<\/div>\n\t\t\t\t\t<\/div>\n\t\t<\/section>\n\t\t\t\t<\/div>\n\t\t","protected":false},"excerpt":{"rendered":"<p>Automobile Accueil Services de traduction pour l\u2019industrie automobile En tant qu\u2019automobilistes, nous exigeons des v\u00e9hicules d\u2019une qualit\u00e9 et d\u2019une fiabilit\u00e9 irr\u00e9prochable. En tant que fournisseur de services, nous comprenons que ces m\u00eames exigences s\u2019appliquent aux services que nous offrons \u00e0 nos clients du secteur automobile. Des bulletins techniques aux pr\u00e9sentations de pointe con\u00e7ues pour assurer [&hellip;]<\/p>\n","protected":false},"author":1,"featured_media":0,"parent":0,"menu_order":0,"comment_status":"closed","ping_status":"closed","template":"elementor_header_footer","meta":{"_acf_changed":false,"footnotes":""},"class_list":["post-2617","page","type-page","status-publish","hentry"],"acf":[],"_links":{"self":[{"href":"https:\/\/lwtcommunications.com\/fr\/wp-json\/wp\/v2\/pages\/2617","targetHints":{"allow":["GET"]}}],"collection":[{"href":"https:\/\/lwtcommunications.com\/fr\/wp-json\/wp\/v2\/pages"}],"about":[{"href":"https:\/\/lwtcommunications.com\/fr\/wp-json\/wp\/v2\/types\/page"}],"author":[{"embeddable":true,"href":"https:\/\/lwtcommunications.com\/fr\/wp-json\/wp\/v2\/users\/1"}],"replies":[{"embeddable":true,"href":"https:\/\/lwtcommunications.com\/fr\/wp-json\/wp\/v2\/comments?post=2617"}],"version-history":[{"count":12,"href":"https:\/\/lwtcommunications.com\/fr\/wp-json\/wp\/v2\/pages\/2617\/revisions"}],"predecessor-version":[{"id":3034,"href":"https:\/\/lwtcommunications.com\/fr\/wp-json\/wp\/v2\/pages\/2617\/revisions\/3034"}],"wp:attachment":[{"href":"https:\/\/lwtcommunications.com\/fr\/wp-json\/wp\/v2\/media?parent=2617"}],"curies":[{"name":"wp","href":"https:\/\/api.w.org\/{rel}","templated":true}]}}