{"id":2620,"date":"2024-01-23T14:25:16","date_gmt":"2024-01-23T14:25:16","guid":{"rendered":"https:\/\/lwtcommunications.com\/energie\/"},"modified":"2024-05-24T22:10:33","modified_gmt":"2024-05-24T22:10:33","slug":"energie","status":"publish","type":"page","link":"https:\/\/lwtcommunications.com\/fr\/energie\/","title":{"rendered":"\u00c9nergie"},"content":{"rendered":"\t\t<div data-elementor-type=\"wp-page\" data-elementor-id=\"2620\" class=\"elementor elementor-2620\" data-elementor-settings=\"{&quot;ha_cmc_init_switcher&quot;:&quot;no&quot;}\" data-elementor-post-type=\"page\">\n\t\t\t\t\t\t<section class=\"elementor-section elementor-top-section elementor-element elementor-element-9a3572a elementor-section-full_width elementor-section-stretched elementor-section-height-min-height elementor-section-height-default elementor-section-items-middle\" data-id=\"9a3572a\" data-element_type=\"section\" data-e-type=\"section\" data-settings=\"{&quot;stretch_section&quot;:&quot;section-stretched&quot;,&quot;background_background&quot;:&quot;classic&quot;,&quot;_ha_eqh_enable&quot;:false}\">\n\t\t\t\t\t\t<div class=\"elementor-container elementor-column-gap-default\">\n\t\t\t\t\t<div class=\"elementor-column elementor-col-100 elementor-top-column elementor-element elementor-element-369c460\" data-id=\"369c460\" data-element_type=\"column\" data-e-type=\"column\">\n\t\t\t<div class=\"elementor-widget-wrap elementor-element-populated\">\n\t\t\t\t\t\t<div class=\"elementor-element elementor-element-66742b9 elementor-invisible elementor-widget elementor-widget-heading\" data-id=\"66742b9\" data-element_type=\"widget\" data-e-type=\"widget\" data-settings=\"{&quot;_animation&quot;:&quot;zoomIn&quot;}\" data-widget_type=\"heading.default\">\n\t\t\t\t<div class=\"elementor-widget-container\">\n\t\t\t\t\t<h1 class=\"elementor-heading-title elementor-size-default\">\u00c9nergie<\/h1>\t\t\t\t<\/div>\n\t\t\t\t<\/div>\n\t\t\t\t<div class=\"elementor-element elementor-element-e281c56 animated-slow elementor-invisible elementor-widget elementor-widget-ha-breadcrumbs happy-addon ha-breadcrumbs happy-addon-pro\" data-id=\"e281c56\" data-element_type=\"widget\" data-e-type=\"widget\" data-settings=\"{&quot;_animation&quot;:&quot;zoomIn&quot;}\" data-widget_type=\"ha-breadcrumbs.default\">\n\t\t\t\t<div class=\"elementor-widget-container\">\n\t\t\t\t\t<ul class=\"ha-breadcrumbs\"><li class=\"ha-breadcrumbs-item ha-breadcrumbs-start\"><a href=\"https:\/\/lwtcommunications.com\/fr\/\" rel=\"home\"><span class=\"ha-breadcrumbs-text\"><span class=\"ha-breadcrumbs-home-icon\"><span class=\"hm hm-home\" aria-hidden=\"true\"><\/span><\/span>Accueil<\/span><\/a><\/li><\/ul>\t\t\t\t<\/div>\n\t\t\t\t<\/div>\n\t\t\t\t\t<\/div>\n\t\t<\/div>\n\t\t\t\t\t<\/div>\n\t\t<\/section>\n\t\t\t\t<section class=\"elementor-section elementor-top-section elementor-element elementor-element-969ae4c elementor-section-content-middle elementor-section-stretched elementor-section-boxed elementor-section-height-default elementor-section-height-default\" data-id=\"969ae4c\" data-element_type=\"section\" data-e-type=\"section\" data-settings=\"{&quot;background_background&quot;:&quot;classic&quot;,&quot;stretch_section&quot;:&quot;section-stretched&quot;,&quot;_ha_eqh_enable&quot;:false}\">\n\t\t\t\t\t\t<div class=\"elementor-container elementor-column-gap-no\">\n\t\t\t\t\t<div class=\"elementor-column elementor-col-100 elementor-top-column elementor-element elementor-element-dd0d5cb\" data-id=\"dd0d5cb\" data-element_type=\"column\" data-e-type=\"column\">\n\t\t\t<div class=\"elementor-widget-wrap elementor-element-populated\">\n\t\t\t\t\t\t<div class=\"elementor-element elementor-element-ce5b750 elementor-invisible elementor-widget elementor-widget-heading\" data-id=\"ce5b750\" data-element_type=\"widget\" data-e-type=\"widget\" data-settings=\"{&quot;_animation&quot;:&quot;fadeInUp&quot;}\" data-widget_type=\"heading.default\">\n\t\t\t\t<div class=\"elementor-widget-container\">\n\t\t\t\t\t<h2 class=\"elementor-heading-title elementor-size-default\">Services de traduction pour le secteur de l\u2019\u00e9nergie et des ressources naturelles<\/h2>\t\t\t\t<\/div>\n\t\t\t\t<\/div>\n\t\t\t\t<section class=\"elementor-section elementor-inner-section elementor-element elementor-element-288d57a elementor-section-boxed elementor-section-height-default elementor-section-height-default\" data-id=\"288d57a\" data-element_type=\"section\" data-e-type=\"section\" data-settings=\"{&quot;_ha_eqh_enable&quot;:false}\">\n\t\t\t\t\t\t<div class=\"elementor-container elementor-column-gap-default\">\n\t\t\t\t\t<div class=\"elementor-column elementor-col-50 elementor-inner-column elementor-element elementor-element-cd9d795\" data-id=\"cd9d795\" data-element_type=\"column\" data-e-type=\"column\">\n\t\t\t<div class=\"elementor-widget-wrap elementor-element-populated\">\n\t\t\t\t\t\t<div class=\"elementor-element elementor-element-8cefa53 elementor-invisible elementor-widget elementor-widget-text-editor\" data-id=\"8cefa53\" data-element_type=\"widget\" data-e-type=\"widget\" data-settings=\"{&quot;_animation&quot;:&quot;slideInLeft&quot;}\" data-widget_type=\"text-editor.default\">\n\t\t\t\t<div class=\"elementor-widget-container\">\n\t\t\t\t\t\t\t\t\t<p>Le Canada est l\u2019un des plus grands producteurs d\u2019\u00e9nergie \u00e0 l\u2019\u00e9chelle mondiale. C\u2019est aussi le pays o\u00f9 l\u2019on retrouve la plus grande consommation d\u2019\u00e9nergie par habitant. Compte tenu de la demande croissante en \u00e9nergie, en ressources min\u00e9rales et renouvelables, l\u2019industrie \u00e9nerg\u00e9tique conna\u00eet \u00e9galement une augmentation de la demande pour des services de traduction afin de r\u00e9pondre aux besoins de communications \u00e0 l\u2019\u00e9chelle mondiale.<\/p><p>LWT Communications g\u00e8re des projets de traduction techniques et de marketing dans les domaines techniques suivants\u00a0: production et raffinement p\u00e9troliers, gaz naturel, mines, \u00e9nergie nucl\u00e9aire, \u00e9nergies \u00e9olienne et \u00e9nergie solaire.<\/p>\t\t\t\t\t\t\t\t<\/div>\n\t\t\t\t<\/div>\n\t\t\t\t\t<\/div>\n\t\t<\/div>\n\t\t\t\t<div class=\"elementor-column elementor-col-50 elementor-inner-column elementor-element elementor-element-0d6eedb\" data-id=\"0d6eedb\" data-element_type=\"column\" data-e-type=\"column\">\n\t\t\t<div class=\"elementor-widget-wrap elementor-element-populated\">\n\t\t\t\t\t\t<div class=\"elementor-element elementor-element-5a717e2 elementor-invisible elementor-widget elementor-widget-text-editor\" data-id=\"5a717e2\" data-element_type=\"widget\" data-e-type=\"widget\" data-settings=\"{&quot;_animation&quot;:&quot;slideInRight&quot;}\" data-widget_type=\"text-editor.default\">\n\t\t\t\t<div class=\"elementor-widget-container\">\n\t\t\t\t\t\t\t\t\t<p>Les technologies complexes et \u00e9volu\u00e9es utilis\u00e9es dans les domaines p\u00e9troliers et des ressources naturelles requi\u00e8rent une connaissance approfondie de leur terminologie. Vos projets sont assign\u00e9s \u00e0 des locuteurs natifs experts dans les domaines concern\u00e9s.<\/p><p>Pour plus de d\u00e9tails sur la structure et le processus de notre \u00e9quipe de projet, et pour savoir \u00e0 quoi vous attendre, cliquez\u00a0<a title=\"Nos processus\" href=\"https:\/\/lwtcommunications.com\/fr\/nos-processus\/\" data-udi=\"umb:\/\/document\/e2ff89c4757041dfa923fdf5549b2f4c\"><strong>ici<\/strong><\/a>.<\/p><p>Nous traduisons notamment les documents portant sur la r\u00e9glementation et la conformit\u00e9, documents portant sur la r\u00e9glementation et la conformit\u00e9 environnementale, manuels de proc\u00e9dure, manuels sur la qualit\u00e9, manuels de formation, \u00e9nonc\u00e9s de politique environnementale, communiqu\u00e9s sur l\u2019environnement, et plus encore.<\/p>\t\t\t\t\t\t\t\t<\/div>\n\t\t\t\t<\/div>\n\t\t\t\t\t<\/div>\n\t\t<\/div>\n\t\t\t\t\t<\/div>\n\t\t<\/section>\n\t\t\t\t<div class=\"elementor-element elementor-element-649839c elementor-align-center elementor-invisible elementor-widget elementor-widget-button\" data-id=\"649839c\" data-element_type=\"widget\" data-e-type=\"widget\" data-settings=\"{&quot;_animation&quot;:&quot;fadeInUp&quot;}\" data-widget_type=\"button.default\">\n\t\t\t\t<div class=\"elementor-widget-container\">\n\t\t\t\t\t\t\t\t\t<div class=\"elementor-button-wrapper\">\n\t\t\t\t\t<a class=\"elementor-button elementor-button-link elementor-size-sm elementor-animation-grow\" href=\"https:\/\/lwtcommunications.com\/fr\/contactez-nous\/\">\n\t\t\t\t\t\t<span class=\"elementor-button-content-wrapper\">\n\t\t\t\t\t\t\t\t\t<span class=\"elementor-button-text\">En savoir plus<\/span>\n\t\t\t\t\t<\/span>\n\t\t\t\t\t<\/a>\n\t\t\t\t<\/div>\n\t\t\t\t\t\t\t\t<\/div>\n\t\t\t\t<\/div>\n\t\t\t\t\t<\/div>\n\t\t<\/div>\n\t\t\t\t\t<\/div>\n\t\t<\/section>\n\t\t\t\t<\/div>\n\t\t","protected":false},"excerpt":{"rendered":"<p>\u00c9nergie Accueil Services de traduction pour le secteur de l\u2019\u00e9nergie et des ressources naturelles Le Canada est l\u2019un des plus grands producteurs d\u2019\u00e9nergie \u00e0 l\u2019\u00e9chelle mondiale. C\u2019est aussi le pays o\u00f9 l\u2019on retrouve la plus grande consommation d\u2019\u00e9nergie par habitant. Compte tenu de la demande croissante en \u00e9nergie, en ressources min\u00e9rales et renouvelables, l\u2019industrie \u00e9nerg\u00e9tique [&hellip;]<\/p>\n","protected":false},"author":1,"featured_media":0,"parent":0,"menu_order":0,"comment_status":"closed","ping_status":"closed","template":"elementor_header_footer","meta":{"_acf_changed":false,"footnotes":""},"class_list":["post-2620","page","type-page","status-publish","hentry"],"acf":[],"_links":{"self":[{"href":"https:\/\/lwtcommunications.com\/fr\/wp-json\/wp\/v2\/pages\/2620","targetHints":{"allow":["GET"]}}],"collection":[{"href":"https:\/\/lwtcommunications.com\/fr\/wp-json\/wp\/v2\/pages"}],"about":[{"href":"https:\/\/lwtcommunications.com\/fr\/wp-json\/wp\/v2\/types\/page"}],"author":[{"embeddable":true,"href":"https:\/\/lwtcommunications.com\/fr\/wp-json\/wp\/v2\/users\/1"}],"replies":[{"embeddable":true,"href":"https:\/\/lwtcommunications.com\/fr\/wp-json\/wp\/v2\/comments?post=2620"}],"version-history":[{"count":9,"href":"https:\/\/lwtcommunications.com\/fr\/wp-json\/wp\/v2\/pages\/2620\/revisions"}],"predecessor-version":[{"id":3043,"href":"https:\/\/lwtcommunications.com\/fr\/wp-json\/wp\/v2\/pages\/2620\/revisions\/3043"}],"wp:attachment":[{"href":"https:\/\/lwtcommunications.com\/fr\/wp-json\/wp\/v2\/media?parent=2620"}],"curies":[{"name":"wp","href":"https:\/\/api.w.org\/{rel}","templated":true}]}}