{"id":2621,"date":"2024-01-23T14:15:42","date_gmt":"2024-01-23T14:15:42","guid":{"rendered":"https:\/\/lwtcommunications.com\/finance\/"},"modified":"2024-05-24T22:11:35","modified_gmt":"2024-05-24T22:11:35","slug":"finance","status":"publish","type":"page","link":"https:\/\/lwtcommunications.com\/fr\/finance\/","title":{"rendered":"Finance"},"content":{"rendered":"\t\t<div data-elementor-type=\"wp-page\" data-elementor-id=\"2621\" class=\"elementor elementor-2621\" data-elementor-settings=\"{&quot;ha_cmc_init_switcher&quot;:&quot;no&quot;}\" data-elementor-post-type=\"page\">\n\t\t\t\t\t\t<section class=\"elementor-section elementor-top-section elementor-element elementor-element-f4367c2 elementor-section-full_width elementor-section-stretched elementor-section-height-min-height elementor-section-height-default elementor-section-items-middle\" data-id=\"f4367c2\" data-element_type=\"section\" data-settings=\"{&quot;stretch_section&quot;:&quot;section-stretched&quot;,&quot;background_background&quot;:&quot;classic&quot;,&quot;_ha_eqh_enable&quot;:false}\">\n\t\t\t\t\t\t<div class=\"elementor-container elementor-column-gap-default\">\n\t\t\t\t\t<div class=\"elementor-column elementor-col-100 elementor-top-column elementor-element elementor-element-897193f\" data-id=\"897193f\" data-element_type=\"column\">\n\t\t\t<div class=\"elementor-widget-wrap elementor-element-populated\">\n\t\t\t\t\t\t<div class=\"elementor-element elementor-element-cca0b56 elementor-invisible elementor-widget elementor-widget-heading\" data-id=\"cca0b56\" data-element_type=\"widget\" data-settings=\"{&quot;_animation&quot;:&quot;zoomIn&quot;}\" data-widget_type=\"heading.default\">\n\t\t\t\t<div class=\"elementor-widget-container\">\n\t\t\t\t\t<h1 class=\"elementor-heading-title elementor-size-default\">Finance<\/h1>\t\t\t\t<\/div>\n\t\t\t\t<\/div>\n\t\t\t\t<div class=\"elementor-element elementor-element-7ce1407 animated-slow elementor-invisible elementor-widget elementor-widget-ha-breadcrumbs happy-addon ha-breadcrumbs happy-addon-pro\" data-id=\"7ce1407\" data-element_type=\"widget\" data-settings=\"{&quot;_animation&quot;:&quot;zoomIn&quot;}\" data-widget_type=\"ha-breadcrumbs.default\">\n\t\t\t\t<div class=\"elementor-widget-container\">\n\t\t\t\t\t<ul class=\"ha-breadcrumbs\"><li class=\"ha-breadcrumbs-item ha-breadcrumbs-start\"><a href=\"https:\/\/lwtcommunications.com\/fr\/\" rel=\"home\"><span class=\"ha-breadcrumbs-text\"><span class=\"ha-breadcrumbs-home-icon\"><span class=\"hm hm-home\" aria-hidden=\"true\"><\/span><\/span>Home<\/span><\/a><\/li><\/ul>\t\t\t\t<\/div>\n\t\t\t\t<\/div>\n\t\t\t\t\t<\/div>\n\t\t<\/div>\n\t\t\t\t\t<\/div>\n\t\t<\/section>\n\t\t\t\t<section class=\"elementor-section elementor-top-section elementor-element elementor-element-de3afa9 elementor-section-content-middle elementor-section-stretched elementor-section-boxed elementor-section-height-default elementor-section-height-default\" data-id=\"de3afa9\" data-element_type=\"section\" data-settings=\"{&quot;background_background&quot;:&quot;classic&quot;,&quot;stretch_section&quot;:&quot;section-stretched&quot;,&quot;_ha_eqh_enable&quot;:false}\">\n\t\t\t\t\t\t<div class=\"elementor-container elementor-column-gap-no\">\n\t\t\t\t\t<div class=\"elementor-column elementor-col-100 elementor-top-column elementor-element elementor-element-2282b02\" data-id=\"2282b02\" data-element_type=\"column\">\n\t\t\t<div class=\"elementor-widget-wrap elementor-element-populated\">\n\t\t\t\t\t\t<div class=\"elementor-element elementor-element-1fe739c elementor-invisible elementor-widget elementor-widget-heading\" data-id=\"1fe739c\" data-element_type=\"widget\" data-settings=\"{&quot;_animation&quot;:&quot;fadeInUp&quot;}\" data-widget_type=\"heading.default\">\n\t\t\t\t<div class=\"elementor-widget-container\">\n\t\t\t\t\t<h2 class=\"elementor-heading-title elementor-size-default\">Services de traduction pour le secteur financier<\/h2>\t\t\t\t<\/div>\n\t\t\t\t<\/div>\n\t\t\t\t<section class=\"elementor-section elementor-inner-section elementor-element elementor-element-0b03691 elementor-section-boxed elementor-section-height-default elementor-section-height-default\" data-id=\"0b03691\" data-element_type=\"section\" data-settings=\"{&quot;_ha_eqh_enable&quot;:false}\">\n\t\t\t\t\t\t<div class=\"elementor-container elementor-column-gap-default\">\n\t\t\t\t\t<div class=\"elementor-column elementor-col-50 elementor-inner-column elementor-element elementor-element-dfeb2b5\" data-id=\"dfeb2b5\" data-element_type=\"column\">\n\t\t\t<div class=\"elementor-widget-wrap elementor-element-populated\">\n\t\t\t\t\t\t<div class=\"elementor-element elementor-element-57d754d elementor-invisible elementor-widget elementor-widget-text-editor\" data-id=\"57d754d\" data-element_type=\"widget\" data-settings=\"{&quot;_animation&quot;:&quot;slideInLeft&quot;}\" data-widget_type=\"text-editor.default\">\n\t\t\t\t<div class=\"elementor-widget-container\">\n\t\t\t\t\t\t\t\t\t<p>LWT Communications est situ\u00e9e \u00e0 Markham, tout pr\u00e8s du c\u0153ur de l\u2019industrie financi\u00e8re canadienne. Nous collaborons avec certaines des plus grandes institutions financi\u00e8res au Canada et leur fournissons des traductions impeccables de documentation financi\u00e8re complexe.<\/p><p>Nous comprenons que pour l\u2019industrie financi\u00e8re, l\u2019attention au d\u00e9tail et la pr\u00e9cision les plus absolues sont cruciales dans la traduction de toute documentation. Vos projets sont confi\u00e9s \u00e0 une \u00e9quipe de traducteurs exp\u00e9riment\u00e9s dans les domaines de l\u2019industrie banqui\u00e8re et financi\u00e8re.<\/p>\t\t\t\t\t\t\t\t<\/div>\n\t\t\t\t<\/div>\n\t\t\t\t\t<\/div>\n\t\t<\/div>\n\t\t\t\t<div class=\"elementor-column elementor-col-50 elementor-inner-column elementor-element elementor-element-deb9192\" data-id=\"deb9192\" data-element_type=\"column\">\n\t\t\t<div class=\"elementor-widget-wrap elementor-element-populated\">\n\t\t\t\t\t\t<div class=\"elementor-element elementor-element-92ea837 elementor-invisible elementor-widget elementor-widget-text-editor\" data-id=\"92ea837\" data-element_type=\"widget\" data-settings=\"{&quot;_animation&quot;:&quot;slideInLeft&quot;}\" data-widget_type=\"text-editor.default\">\n\t\t\t\t<div class=\"elementor-widget-container\">\n\t\t\t\t\t\t\t\t\t<p>Toutes les traductions sont r\u00e9vis\u00e9es et corrig\u00e9es par notre \u00e9quipe de linguistes internes.<\/p><p>Pour plus de d\u00e9tails sur la structure de notre \u00e9quipe de projet et nos processus, et pour savoir \u00e0 quoi vous attendre, cliquez<strong>\u00a0<a title=\"Nos processus\" href=\"https:\/\/lwtcommunications.com\/fr\/nos-processus\/\" data-udi=\"umb:\/\/document\/e2ff89c4757041dfa923fdf5549b2f4c\">ici<\/a><\/strong>.<\/p><p>Nous traduisons notamment rapports annuels, \u00e9tats financiers, propositions d\u2019investissement, mises \u00e0 jour sur les investissements, comptes de r\u00e9sultat et bien plus.<\/p>\t\t\t\t\t\t\t\t<\/div>\n\t\t\t\t<\/div>\n\t\t\t\t\t<\/div>\n\t\t<\/div>\n\t\t\t\t\t<\/div>\n\t\t<\/section>\n\t\t\t\t<div class=\"elementor-element elementor-element-68cf0e4 elementor-align-center elementor-invisible elementor-widget elementor-widget-button\" data-id=\"68cf0e4\" data-element_type=\"widget\" data-settings=\"{&quot;_animation&quot;:&quot;fadeInUp&quot;}\" data-widget_type=\"button.default\">\n\t\t\t\t<div class=\"elementor-widget-container\">\n\t\t\t\t\t\t\t\t\t<div class=\"elementor-button-wrapper\">\n\t\t\t\t\t<a class=\"elementor-button elementor-button-link elementor-size-sm elementor-animation-grow\" href=\"https:\/\/lwtcommunications.com\/fr\/contactez-nous\/\">\n\t\t\t\t\t\t<span class=\"elementor-button-content-wrapper\">\n\t\t\t\t\t\t\t\t\t<span class=\"elementor-button-text\">Contactez-nous<\/span>\n\t\t\t\t\t<\/span>\n\t\t\t\t\t<\/a>\n\t\t\t\t<\/div>\n\t\t\t\t\t\t\t\t<\/div>\n\t\t\t\t<\/div>\n\t\t\t\t\t<\/div>\n\t\t<\/div>\n\t\t\t\t\t<\/div>\n\t\t<\/section>\n\t\t\t\t<\/div>\n\t\t","protected":false},"excerpt":{"rendered":"<p>Finance Home Services de traduction pour le secteur financier LWT Communications est situ\u00e9e \u00e0 Markham, tout pr\u00e8s du c\u0153ur de l\u2019industrie financi\u00e8re canadienne. Nous collaborons avec certaines des plus grandes institutions financi\u00e8res au Canada et leur fournissons des traductions impeccables de documentation financi\u00e8re complexe. Nous comprenons que pour l\u2019industrie financi\u00e8re, l\u2019attention au d\u00e9tail et la [&hellip;]<\/p>\n","protected":false},"author":1,"featured_media":0,"parent":0,"menu_order":0,"comment_status":"closed","ping_status":"closed","template":"elementor_header_footer","meta":{"_acf_changed":false,"footnotes":""},"class_list":["post-2621","page","type-page","status-publish","hentry"],"acf":[],"_links":{"self":[{"href":"https:\/\/lwtcommunications.com\/fr\/wp-json\/wp\/v2\/pages\/2621","targetHints":{"allow":["GET"]}}],"collection":[{"href":"https:\/\/lwtcommunications.com\/fr\/wp-json\/wp\/v2\/pages"}],"about":[{"href":"https:\/\/lwtcommunications.com\/fr\/wp-json\/wp\/v2\/types\/page"}],"author":[{"embeddable":true,"href":"https:\/\/lwtcommunications.com\/fr\/wp-json\/wp\/v2\/users\/1"}],"replies":[{"embeddable":true,"href":"https:\/\/lwtcommunications.com\/fr\/wp-json\/wp\/v2\/comments?post=2621"}],"version-history":[{"count":12,"href":"https:\/\/lwtcommunications.com\/fr\/wp-json\/wp\/v2\/pages\/2621\/revisions"}],"predecessor-version":[{"id":3046,"href":"https:\/\/lwtcommunications.com\/fr\/wp-json\/wp\/v2\/pages\/2621\/revisions\/3046"}],"wp:attachment":[{"href":"https:\/\/lwtcommunications.com\/fr\/wp-json\/wp\/v2\/media?parent=2621"}],"curies":[{"name":"wp","href":"https:\/\/api.w.org\/{rel}","templated":true}]}}