{"id":2623,"date":"2024-01-16T15:46:34","date_gmt":"2024-01-16T15:46:34","guid":{"rendered":"https:\/\/lwtcommunications.com\/politique-de-confidentialite\/"},"modified":"2024-07-04T15:16:27","modified_gmt":"2024-07-04T15:16:27","slug":"politique-de-confidentialite","status":"publish","type":"page","link":"https:\/\/lwtcommunications.com\/fr\/politique-de-confidentialite\/","title":{"rendered":"Politique de confidentialit\u00e9"},"content":{"rendered":"\t\t<div data-elementor-type=\"wp-page\" data-elementor-id=\"2623\" class=\"elementor elementor-2623\" data-elementor-settings=\"{&quot;ha_cmc_init_switcher&quot;:&quot;no&quot;}\" data-elementor-post-type=\"page\">\n\t\t\t\t\t\t<section class=\"elementor-section elementor-top-section elementor-element elementor-element-9bab653 elementor-section-full_width elementor-section-stretched elementor-section-height-default elementor-section-height-default\" data-id=\"9bab653\" data-element_type=\"section\" data-settings=\"{&quot;stretch_section&quot;:&quot;section-stretched&quot;,&quot;background_background&quot;:&quot;classic&quot;,&quot;_ha_eqh_enable&quot;:false}\">\n\t\t\t\t\t\t<div class=\"elementor-container elementor-column-gap-default\">\n\t\t\t\t\t<div class=\"elementor-column elementor-col-100 elementor-top-column elementor-element elementor-element-5628293\" data-id=\"5628293\" data-element_type=\"column\">\n\t\t\t<div class=\"elementor-widget-wrap elementor-element-populated\">\n\t\t\t\t\t\t<div class=\"elementor-element elementor-element-269881d elementor-invisible elementor-widget elementor-widget-heading\" data-id=\"269881d\" data-element_type=\"widget\" data-settings=\"{&quot;_animation&quot;:&quot;zoomIn&quot;}\" data-widget_type=\"heading.default\">\n\t\t\t\t<div class=\"elementor-widget-container\">\n\t\t\t\t\t<h1 class=\"elementor-heading-title elementor-size-default\">Privacy Policy<\/h1>\t\t\t\t<\/div>\n\t\t\t\t<\/div>\n\t\t\t\t<div class=\"elementor-element elementor-element-bd10999 animated-slow elementor-invisible elementor-widget elementor-widget-ha-breadcrumbs happy-addon ha-breadcrumbs happy-addon-pro\" data-id=\"bd10999\" data-element_type=\"widget\" data-settings=\"{&quot;_animation&quot;:&quot;zoomIn&quot;}\" data-widget_type=\"ha-breadcrumbs.default\">\n\t\t\t\t<div class=\"elementor-widget-container\">\n\t\t\t\t\t<ul class=\"ha-breadcrumbs\"><li class=\"ha-breadcrumbs-item ha-breadcrumbs-start\"><a href=\"https:\/\/lwtcommunications.com\/fr\/\" rel=\"home\"><span class=\"ha-breadcrumbs-text\"><span class=\"ha-breadcrumbs-home-icon\"><span class=\"hm hm-home\" aria-hidden=\"true\"><\/span><\/span>Home<\/span><\/a><\/li><\/ul>\t\t\t\t<\/div>\n\t\t\t\t<\/div>\n\t\t\t\t\t<\/div>\n\t\t<\/div>\n\t\t\t\t\t<\/div>\n\t\t<\/section>\n\t\t\t\t<section class=\"elementor-section elementor-top-section elementor-element elementor-element-c63478d elementor-section-stretched elementor-section-boxed elementor-section-height-default elementor-section-height-default\" data-id=\"c63478d\" data-element_type=\"section\" data-settings=\"{&quot;stretch_section&quot;:&quot;section-stretched&quot;,&quot;background_background&quot;:&quot;classic&quot;,&quot;_ha_eqh_enable&quot;:false}\">\n\t\t\t\t\t\t<div class=\"elementor-container elementor-column-gap-default\">\n\t\t\t\t\t<div class=\"elementor-column elementor-col-100 elementor-top-column elementor-element elementor-element-2ba2379\" data-id=\"2ba2379\" data-element_type=\"column\">\n\t\t\t<div class=\"elementor-widget-wrap elementor-element-populated\">\n\t\t\t\t\t\t<div class=\"elementor-element elementor-element-eb4c0c0 elementor-invisible elementor-widget elementor-widget-heading\" data-id=\"eb4c0c0\" data-element_type=\"widget\" data-settings=\"{&quot;_animation&quot;:&quot;fadeInUp&quot;}\" data-widget_type=\"heading.default\">\n\t\t\t\t<div class=\"elementor-widget-container\">\n\t\t\t\t\t<h2 class=\"elementor-heading-title elementor-size-default\">LWTAB Communications Inc. <br \/> s\u2019engage \u00e0 prot\u00e9ger votre vie priv\u00e9e en ligne.<\/h2>\t\t\t\t<\/div>\n\t\t\t\t<\/div>\n\t\t\t\t<div class=\"elementor-element elementor-element-dc457e3 elementor-invisible elementor-widget elementor-widget-text-editor\" data-id=\"dc457e3\" data-element_type=\"widget\" data-settings=\"{&quot;_animation&quot;:&quot;fadeInUp&quot;,&quot;_animation_delay&quot;:0}\" data-widget_type=\"text-editor.default\">\n\t\t\t\t<div class=\"elementor-widget-container\">\n\t\t\t\t\t\t\t\t\t<p>LWTAB Communications Inc. ne collecte automatiquement aucuns renseignements personnels vous concernant, autres que ceux que vous fournissez volontairement par le biais des formulaires contenus sur ce site Web. Les renseignements personnels et\/ou d\u2019entreprise fournis par vous seront collect\u00e9s et utilis\u00e9s uniquement aux fins sp\u00e9cifiquement pr\u00e9vues, et ne seront pas intentionnellement divulgu\u00e9s, vendus ou utilis\u00e9s pour des communications non sollicit\u00e9es, sauf si nous obtenons votre permission \u00e0 l\u2019avance ou si la loi nous y oblige.<\/p><p>Le site Web de LWTAB Communications Inc. n\u2019utilise pas de t\u00e9moins pour capturer automatiquement des donn\u00e9es utilisateur sous quelque forme que ce soit. Notre site Web utilise des t\u00e9moins uniquement pour suivre les visites typiques du site et les donn\u00e9es analytiques (adresse IP du visiteur, date et heure d\u2019acc\u00e8s, navigateur Web utilis\u00e9, etc.).<\/p><p>Notre site Web contient des liens vers des sites externes exploit\u00e9s par des tiers. Nous ne sommes pas responsables du contenu ou des pratiques de confidentialit\u00e9 de ces sites Web, y compris de l\u2019utilisation des renseignements personnels vous concernant qui pourraient \u00eatre collect\u00e9s par ces sites. Nous vous recommandons de consulter la politique de confidentialit\u00e9 de tout site que vous d\u00e9cidez de visiter. Nous ne contr\u00f4lons pas, ne sommes pas responsables, ni ne recommandons l\u2019utilisation de quelque autre site Web.<\/p>\t\t\t\t\t\t\t\t<\/div>\n\t\t\t\t<\/div>\n\t\t\t\t\t<\/div>\n\t\t<\/div>\n\t\t\t\t\t<\/div>\n\t\t<\/section>\n\t\t\t\t<\/div>\n\t\t","protected":false},"excerpt":{"rendered":"<p>Privacy Policy Home LWTAB Communications Inc. s\u2019engage \u00e0 prot\u00e9ger votre vie priv\u00e9e en ligne. LWTAB Communications Inc. ne collecte automatiquement aucuns renseignements personnels vous concernant, autres que ceux que vous fournissez volontairement par le biais des formulaires contenus sur ce site Web. Les renseignements personnels et\/ou d\u2019entreprise fournis par vous seront collect\u00e9s et utilis\u00e9s uniquement [&hellip;]<\/p>\n","protected":false},"author":1,"featured_media":0,"parent":0,"menu_order":0,"comment_status":"closed","ping_status":"closed","template":"elementor_header_footer","meta":{"_acf_changed":false,"footnotes":""},"class_list":["post-2623","page","type-page","status-publish","hentry"],"acf":[],"_links":{"self":[{"href":"https:\/\/lwtcommunications.com\/fr\/wp-json\/wp\/v2\/pages\/2623","targetHints":{"allow":["GET"]}}],"collection":[{"href":"https:\/\/lwtcommunications.com\/fr\/wp-json\/wp\/v2\/pages"}],"about":[{"href":"https:\/\/lwtcommunications.com\/fr\/wp-json\/wp\/v2\/types\/page"}],"author":[{"embeddable":true,"href":"https:\/\/lwtcommunications.com\/fr\/wp-json\/wp\/v2\/users\/1"}],"replies":[{"embeddable":true,"href":"https:\/\/lwtcommunications.com\/fr\/wp-json\/wp\/v2\/comments?post=2623"}],"version-history":[{"count":6,"href":"https:\/\/lwtcommunications.com\/fr\/wp-json\/wp\/v2\/pages\/2623\/revisions"}],"predecessor-version":[{"id":3125,"href":"https:\/\/lwtcommunications.com\/fr\/wp-json\/wp\/v2\/pages\/2623\/revisions\/3125"}],"wp:attachment":[{"href":"https:\/\/lwtcommunications.com\/fr\/wp-json\/wp\/v2\/media?parent=2623"}],"curies":[{"name":"wp","href":"https:\/\/api.w.org\/{rel}","templated":true}]}}