{"id":2627,"date":"2024-01-10T13:53:44","date_gmt":"2024-01-10T13:53:44","guid":{"rendered":"https:\/\/lwtcommunications.com\/a-propos-de-nous\/"},"modified":"2024-05-24T22:06:25","modified_gmt":"2024-05-24T22:06:25","slug":"a-propos-de-nous","status":"publish","type":"page","link":"https:\/\/lwtcommunications.com\/fr\/a-propos-de-nous\/","title":{"rendered":"\u00c0 propos de nous"},"content":{"rendered":"\t\t<div data-elementor-type=\"wp-page\" data-elementor-id=\"2627\" class=\"elementor elementor-2627\" data-elementor-settings=\"{&quot;ha_cmc_init_switcher&quot;:&quot;no&quot;}\" data-elementor-post-type=\"page\">\n\t\t\t\t\t\t<section class=\"elementor-section elementor-top-section elementor-element elementor-element-bacf8fd elementor-section-full_width elementor-section-stretched elementor-section-height-min-height elementor-section-height-default elementor-section-items-middle\" data-id=\"bacf8fd\" data-element_type=\"section\" data-settings=\"{&quot;stretch_section&quot;:&quot;section-stretched&quot;,&quot;background_background&quot;:&quot;classic&quot;,&quot;_ha_eqh_enable&quot;:false}\">\n\t\t\t\t\t\t<div class=\"elementor-container elementor-column-gap-default\">\n\t\t\t\t\t<div class=\"elementor-column elementor-col-100 elementor-top-column elementor-element elementor-element-a6f7ed4\" data-id=\"a6f7ed4\" data-element_type=\"column\">\n\t\t\t<div class=\"elementor-widget-wrap elementor-element-populated\">\n\t\t\t\t\t\t<div class=\"elementor-element elementor-element-80f286a elementor-invisible elementor-widget elementor-widget-heading\" data-id=\"80f286a\" data-element_type=\"widget\" data-settings=\"{&quot;_animation&quot;:&quot;zoomIn&quot;}\" data-widget_type=\"heading.default\">\n\t\t\t\t<div class=\"elementor-widget-container\">\n\t\t\t\t\t<h1 class=\"elementor-heading-title elementor-size-default\">\u00c0 propos de nous<\/h1>\t\t\t\t<\/div>\n\t\t\t\t<\/div>\n\t\t\t\t<div class=\"elementor-element elementor-element-651e3a7 animated-slow elementor-invisible elementor-widget elementor-widget-ha-breadcrumbs happy-addon ha-breadcrumbs happy-addon-pro\" data-id=\"651e3a7\" data-element_type=\"widget\" data-settings=\"{&quot;_animation&quot;:&quot;zoomIn&quot;}\" data-widget_type=\"ha-breadcrumbs.default\">\n\t\t\t\t<div class=\"elementor-widget-container\">\n\t\t\t\t\t<ul class=\"ha-breadcrumbs\"><li class=\"ha-breadcrumbs-item ha-breadcrumbs-start\"><a href=\"https:\/\/lwtcommunications.com\/fr\/\" rel=\"home\"><span class=\"ha-breadcrumbs-text\"><span class=\"ha-breadcrumbs-home-icon\"><span class=\"hm hm-home\" aria-hidden=\"true\"><\/span><\/span>Accueil<\/span><\/a><\/li><\/ul>\t\t\t\t<\/div>\n\t\t\t\t<\/div>\n\t\t\t\t\t<\/div>\n\t\t<\/div>\n\t\t\t\t\t<\/div>\n\t\t<\/section>\n\t\t\t\t<section class=\"elementor-section elementor-top-section elementor-element elementor-element-1370dd06 elementor-section-content-middle elementor-section-full_width elementor-section-stretched elementor-section-height-default elementor-section-height-default\" data-id=\"1370dd06\" data-element_type=\"section\" data-settings=\"{&quot;background_background&quot;:&quot;classic&quot;,&quot;stretch_section&quot;:&quot;section-stretched&quot;,&quot;_ha_eqh_enable&quot;:false}\">\n\t\t\t\t\t\t\t<div class=\"elementor-background-overlay\"><\/div>\n\t\t\t\t\t\t\t<div class=\"elementor-container elementor-column-gap-no\">\n\t\t\t\t\t<div class=\"elementor-column elementor-col-50 elementor-top-column elementor-element elementor-element-4a33a7d5\" data-id=\"4a33a7d5\" data-element_type=\"column\">\n\t\t\t<div class=\"elementor-widget-wrap elementor-element-populated\">\n\t\t\t\t\t\t<div class=\"elementor-element elementor-element-3c8cac19 elementor-invisible elementor-widget elementor-widget-image\" data-id=\"3c8cac19\" data-element_type=\"widget\" data-settings=\"{&quot;_animation&quot;:&quot;fadeInLeft&quot;}\" data-widget_type=\"image.default\">\n\t\t\t\t<div class=\"elementor-widget-container\">\n\t\t\t\t\t\t\t\t\t\t\t\t\t\t\t<img fetchpriority=\"high\" decoding=\"async\" width=\"841\" height=\"359\" src=\"https:\/\/lwtcommunications.com\/wp-content\/uploads\/2024\/01\/lwt-logo-b-v1.png\" class=\"attachment-full size-full wp-image-2078\" alt=\"LWT Logo\" srcset=\"https:\/\/lwtcommunications.com\/wp-content\/uploads\/2024\/01\/lwt-logo-b-v1.png 841w, https:\/\/lwtcommunications.com\/wp-content\/uploads\/2024\/01\/lwt-logo-b-v1-300x128.png 300w, https:\/\/lwtcommunications.com\/wp-content\/uploads\/2024\/01\/lwt-logo-b-v1-768x328.png 768w, https:\/\/lwtcommunications.com\/wp-content\/uploads\/2024\/01\/lwt-logo-b-v1-705x301.png 705w\" sizes=\"(max-width: 841px) 100vw, 841px\" title=\"\">\t\t\t\t\t\t\t\t\t\t\t\t\t\t\t<\/div>\n\t\t\t\t<\/div>\n\t\t\t\t\t<\/div>\n\t\t<\/div>\n\t\t\t\t<div class=\"elementor-column elementor-col-50 elementor-top-column elementor-element elementor-element-3cbafd01 elementor-invisible\" data-id=\"3cbafd01\" data-element_type=\"column\" data-settings=\"{&quot;animation&quot;:&quot;fadeInRight&quot;}\">\n\t\t\t<div class=\"elementor-widget-wrap elementor-element-populated\">\n\t\t\t\t\t\t<div class=\"elementor-element elementor-element-4270128c elementor-widget elementor-widget-heading\" data-id=\"4270128c\" data-element_type=\"widget\" data-widget_type=\"heading.default\">\n\t\t\t\t<div class=\"elementor-widget-container\">\n\t\t\t\t\t<h2 class=\"elementor-heading-title elementor-size-default\">Il y a nous<\/h2>\t\t\t\t<\/div>\n\t\t\t\t<\/div>\n\t\t\t\t<div class=\"elementor-element elementor-element-32bb1fe7 elementor-widget elementor-widget-text-editor\" data-id=\"32bb1fe7\" data-element_type=\"widget\" data-widget_type=\"text-editor.default\">\n\t\t\t\t<div class=\"elementor-widget-container\">\n\t\t\t\t\t\t\t\t\t<p>Depuis plus de 30 ans, LWT Communications fournit des services de traduction complets et sur mesure qui permettent aux entreprises de communiquer de mani\u00e8re plus efficace sur le march\u00e9 international.<\/p><p>Nos clients \u2013 dont certains figurent sur la liste de Fortune 100 \u2013 nous ont permis d\u2019acqu\u00e9rir une expertise et de nous sp\u00e9cialiser dans divers domaines. Outre la traduction, notre gamme de services linguistiques comprend \u00e9galement la localisation de logiciels, la publication assist\u00e9e par ordinateur en ligne ou l\u2019impression, l\u2019apprentissage en ligne et la localisation de vid\u00e9os, la gestion de projet et des services de consultation. Nous agissons en tant que partenaires de nos clients pour mieux comprendre leurs proc\u00e9dures et leurs besoins en traduction.<\/p>\t\t\t\t\t\t\t\t<\/div>\n\t\t\t\t<\/div>\n\t\t\t\t\t<\/div>\n\t\t<\/div>\n\t\t\t\t\t<\/div>\n\t\t<\/section>\n\t\t\t\t<section class=\"elementor-section elementor-top-section elementor-element elementor-element-19e34e50 elementor-section-content-middle elementor-section-stretched elementor-section-boxed elementor-section-height-default elementor-section-height-default\" data-id=\"19e34e50\" data-element_type=\"section\" data-settings=\"{&quot;stretch_section&quot;:&quot;section-stretched&quot;,&quot;background_background&quot;:&quot;classic&quot;,&quot;_ha_eqh_enable&quot;:false}\">\n\t\t\t\t\t\t<div class=\"elementor-container elementor-column-gap-no\">\n\t\t\t\t\t<div class=\"elementor-column elementor-col-100 elementor-top-column elementor-element elementor-element-7b0e7ab1\" data-id=\"7b0e7ab1\" data-element_type=\"column\">\n\t\t\t<div class=\"elementor-widget-wrap elementor-element-populated\">\n\t\t\t\t\t\t<div class=\"elementor-element elementor-element-6501352b elementor-invisible elementor-widget elementor-widget-heading\" data-id=\"6501352b\" data-element_type=\"widget\" data-settings=\"{&quot;_animation&quot;:&quot;fadeInUp&quot;}\" data-widget_type=\"heading.default\">\n\t\t\t\t<div class=\"elementor-widget-container\">\n\t\t\t\t\t<h3 class=\"elementor-heading-title elementor-size-default\">Nous restons \u00e0 la fine <br \/> pointe des technologies de traduction\n\n<\/h3>\t\t\t\t<\/div>\n\t\t\t\t<\/div>\n\t\t\t\t<div class=\"elementor-element elementor-element-62d483d3 elementor-invisible elementor-widget elementor-widget-text-editor\" data-id=\"62d483d3\" data-element_type=\"widget\" data-settings=\"{&quot;_animation&quot;:&quot;fadeIn&quot;}\" data-widget_type=\"text-editor.default\">\n\t\t\t\t<div class=\"elementor-widget-container\">\n\t\t\t\t\t\t\t\t\t<p>L\u2019efficacit\u00e9 est un \u00e9l\u00e9ment cl\u00e9 lorsqu\u2019il s\u2019agit de respecter les exigences et les attentes de nos clients. C\u2019est pourquoi nous utilisons des technologies de traduction \u00e9volu\u00e9es pour rationaliser le d\u00e9roulement des projets, \u00e9liminer les d\u00e9doublements d\u2019efforts, assurer des traductions de haute qualit\u00e9 et r\u00e9duire les d\u00e9lais de livraison. Nous respectons nos \u00e9ch\u00e9ances et nous tenons nos promesses.<\/p><p>Consid\u00e9rez-vous vos documents traduits comme des actifs faisant partie de la propri\u00e9t\u00e9 intellectuelle de votre entreprise? Nous, oui.<\/p><p>Nous savons que vous avez fait des investissements dans la traduction de votre mat\u00e9riel. C\u2019est pourquoi nous utilisons des syst\u00e8mes de gestion de traduction avanc\u00e9s comme Plunet et XTRF, et des m\u00e9moires de traduction comme memoQ et Trados pour vous aider \u00e0 obtenir le meilleur rendement sur votre investissement.<\/p>\t\t\t\t\t\t\t\t<\/div>\n\t\t\t\t<\/div>\n\t\t\t\t\t<\/div>\n\t\t<\/div>\n\t\t\t\t\t<\/div>\n\t\t<\/section>\n\t\t\t\t<section class=\"elementor-section elementor-top-section elementor-element elementor-element-550acd2a elementor-section-content-middle elementor-section-boxed elementor-section-height-default elementor-section-height-default\" data-id=\"550acd2a\" data-element_type=\"section\" data-settings=\"{&quot;background_background&quot;:&quot;classic&quot;,&quot;_ha_eqh_enable&quot;:false}\">\n\t\t\t\t\t\t<div class=\"elementor-container elementor-column-gap-no\">\n\t\t\t\t\t<div class=\"elementor-column elementor-col-100 elementor-top-column elementor-element elementor-element-66234ed3\" data-id=\"66234ed3\" data-element_type=\"column\">\n\t\t\t<div class=\"elementor-widget-wrap elementor-element-populated\">\n\t\t\t\t\t\t<section class=\"elementor-section elementor-inner-section elementor-element elementor-element-3133d4ed elementor-section-boxed elementor-section-height-default elementor-section-height-default\" data-id=\"3133d4ed\" data-element_type=\"section\" data-settings=\"{&quot;_ha_eqh_enable&quot;:false}\">\n\t\t\t\t\t\t<div class=\"elementor-container elementor-column-gap-default\">\n\t\t\t\t\t<div class=\"elementor-column elementor-col-50 elementor-inner-column elementor-element elementor-element-13762fc elementor-invisible\" data-id=\"13762fc\" data-element_type=\"column\" data-settings=\"{&quot;animation&quot;:&quot;fadeInUp&quot;}\">\n\t\t\t<div class=\"elementor-widget-wrap elementor-element-populated\">\n\t\t\t\t\t\t<div class=\"elementor-element elementor-element-7a1bafb5 elementor-widget elementor-widget-heading\" data-id=\"7a1bafb5\" data-element_type=\"widget\" data-widget_type=\"heading.default\">\n\t\t\t\t<div class=\"elementor-widget-container\">\n\t\t\t\t\t<h3 class=\"elementor-heading-title elementor-size-default\">Un engagement envers l\u2019excellence<\/h3>\t\t\t\t<\/div>\n\t\t\t\t<\/div>\n\t\t\t\t<div class=\"elementor-element elementor-element-4b0f236 elementor-widget elementor-widget-text-editor\" data-id=\"4b0f236\" data-element_type=\"widget\" data-widget_type=\"text-editor.default\">\n\t\t\t\t<div class=\"elementor-widget-container\">\n\t\t\t\t\t\t\t\t\t<p>Nous savons que les erreurs de traduction peuvent conduire \u00e0 de f\u00e2cheux malentendus. C\u2019est pourquoi nous garantissons un travail exact et coh\u00e9rent.<\/p><p>Nous savons que vos \u00e9quipes de marketing et de communication ont d\u00e9j\u00e0 investi du temps et de l\u2019argent pour cr\u00e9er du mat\u00e9riel imprim\u00e9 et informatis\u00e9 de qualit\u00e9. C\u2019est pourquoi nous veillons \u00e0 ce que nos traductions refl\u00e8tent l\u2019identit\u00e9, le positionnement et l&rsquo;esprit de votre marque.<\/p>\t\t\t\t\t\t\t\t<\/div>\n\t\t\t\t<\/div>\n\t\t\t\t\t<\/div>\n\t\t<\/div>\n\t\t\t\t<div class=\"elementor-column elementor-col-50 elementor-inner-column elementor-element elementor-element-1360193f elementor-invisible\" data-id=\"1360193f\" data-element_type=\"column\" data-settings=\"{&quot;animation&quot;:&quot;fadeInUp&quot;}\">\n\t\t\t<div class=\"elementor-widget-wrap elementor-element-populated\">\n\t\t\t\t\t\t<div class=\"elementor-element elementor-element-60bb22b elementor-widget elementor-widget-heading\" data-id=\"60bb22b\" data-element_type=\"widget\" data-widget_type=\"heading.default\">\n\t\t\t\t<div class=\"elementor-widget-container\">\n\t\t\t\t\t<h3 class=\"elementor-heading-title elementor-size-default\">Le service d\u2019abord<\/h3>\t\t\t\t<\/div>\n\t\t\t\t<\/div>\n\t\t\t\t<div class=\"elementor-element elementor-element-6bf0599b elementor-widget elementor-widget-text-editor\" data-id=\"6bf0599b\" data-element_type=\"widget\" data-widget_type=\"text-editor.default\">\n\t\t\t\t<div class=\"elementor-widget-container\">\n\t\t\t\t\t\t\t\t\t<p>Notre m\u00e9thode de gestion de projet est rationalis\u00e9e. Nous veillons \u00e0 l\u2019ex\u00e9cution et vous demeurez ma\u00eetre \u00e0 bord. Nous ne vous demandons pas de comprendre notre profession, car notre profession consiste \u00e0 comprendre la v\u00f4tre. Et de tenir nos promesses.<\/p>\t\t\t\t\t\t\t\t<\/div>\n\t\t\t\t<\/div>\n\t\t\t\t\t<\/div>\n\t\t<\/div>\n\t\t\t\t\t<\/div>\n\t\t<\/section>\n\t\t\t\t<section class=\"elementor-section elementor-inner-section elementor-element elementor-element-f0ecb15 elementor-section-boxed elementor-section-height-default elementor-section-height-default\" data-id=\"f0ecb15\" data-element_type=\"section\" data-settings=\"{&quot;_ha_eqh_enable&quot;:false}\">\n\t\t\t\t\t\t<div class=\"elementor-container elementor-column-gap-default\">\n\t\t\t\t\t<div class=\"elementor-column elementor-col-50 elementor-inner-column elementor-element elementor-element-ec00c8a elementor-invisible\" data-id=\"ec00c8a\" data-element_type=\"column\" data-settings=\"{&quot;animation&quot;:&quot;fadeInLeft&quot;}\">\n\t\t\t<div class=\"elementor-widget-wrap elementor-element-populated\">\n\t\t\t\t\t\t<div class=\"elementor-element elementor-element-3c07d44 elementor-widget elementor-widget-heading\" data-id=\"3c07d44\" data-element_type=\"widget\" data-widget_type=\"heading.default\">\n\t\t\t\t<div class=\"elementor-widget-container\">\n\t\t\t\t\t<h3 class=\"elementor-heading-title elementor-size-default\">D\u00e9lais d\u2019ex\u00e9cution\n\n<\/h3>\t\t\t\t<\/div>\n\t\t\t\t<\/div>\n\t\t\t\t<div class=\"elementor-element elementor-element-6ec6117 elementor-widget elementor-widget-text-editor\" data-id=\"6ec6117\" data-element_type=\"widget\" data-widget_type=\"text-editor.default\">\n\t\t\t\t<div class=\"elementor-widget-container\">\n\t\t\t\t\t\t\t\t\t<p>Gr\u00e2ce \u00e0 l\u2019emplacement strat\u00e9gique de nos trois bureaux mondiaux (Toronto, au Canada, Lisbonne, au Portugal et Bruxelles, en Belgique), nous pouvons vous offrir un service 24 heures sur 24. Si vous nous envoyez une traduction urgente \u00e0 17 heures, nous vous la livrerons le lendemain matin \u00e0 9 heures.<\/p>\t\t\t\t\t\t\t\t<\/div>\n\t\t\t\t<\/div>\n\t\t\t\t\t<\/div>\n\t\t<\/div>\n\t\t\t\t<div class=\"elementor-column elementor-col-50 elementor-inner-column elementor-element elementor-element-b3b3f9c elementor-invisible\" data-id=\"b3b3f9c\" data-element_type=\"column\" data-settings=\"{&quot;animation&quot;:&quot;fadeInRight&quot;}\">\n\t\t\t<div class=\"elementor-widget-wrap elementor-element-populated\">\n\t\t\t\t\t\t<div class=\"elementor-element elementor-element-76c9835 elementor-widget elementor-widget-heading\" data-id=\"76c9835\" data-element_type=\"widget\" data-widget_type=\"heading.default\">\n\t\t\t\t<div class=\"elementor-widget-container\">\n\t\t\t\t\t<h3 class=\"elementor-heading-title elementor-size-default\">Confidentialit\u00e9<\/h3>\t\t\t\t<\/div>\n\t\t\t\t<\/div>\n\t\t\t\t<div class=\"elementor-element elementor-element-333475e elementor-widget elementor-widget-text-editor\" data-id=\"333475e\" data-element_type=\"widget\" data-widget_type=\"text-editor.default\">\n\t\t\t\t<div class=\"elementor-widget-container\">\n\t\t\t\t\t\t\t\t\t<p>Notre \u00e9quipe a souvent acc\u00e8s \u00e0 des informations confidentielles et de nature sensible. Nous nous engageons \u00e0 prot\u00e9ger la confidentialit\u00e9 de toutes les informations de nos clients, de nos contacts avec les clients et de toute la documentation \u00e0 traduire. LWT Communications ne divulguera en aucun cas ces informations sans l\u2019autorisation \u00e9crite pr\u00e9alable du client.<\/p>\t\t\t\t\t\t\t\t<\/div>\n\t\t\t\t<\/div>\n\t\t\t\t\t<\/div>\n\t\t<\/div>\n\t\t\t\t\t<\/div>\n\t\t<\/section>\n\t\t\t\t\t<\/div>\n\t\t<\/div>\n\t\t\t\t\t<\/div>\n\t\t<\/section>\n\t\t\t\t<section class=\"elementor-section elementor-top-section elementor-element elementor-element-3bd38bc elementor-section-content-middle elementor-section-stretched elementor-section-boxed elementor-section-height-default elementor-section-height-default\" data-id=\"3bd38bc\" data-element_type=\"section\" data-settings=\"{&quot;stretch_section&quot;:&quot;section-stretched&quot;,&quot;background_background&quot;:&quot;classic&quot;,&quot;_ha_eqh_enable&quot;:false}\">\n\t\t\t\t\t\t<div class=\"elementor-container elementor-column-gap-no\">\n\t\t\t\t\t<div class=\"elementor-column elementor-col-100 elementor-top-column elementor-element elementor-element-8953c7d\" data-id=\"8953c7d\" data-element_type=\"column\">\n\t\t\t<div class=\"elementor-widget-wrap elementor-element-populated\">\n\t\t\t\t\t\t<div class=\"elementor-element elementor-element-c3d9dbc elementor-invisible elementor-widget elementor-widget-text-editor\" data-id=\"c3d9dbc\" data-element_type=\"widget\" data-settings=\"{&quot;_animation&quot;:&quot;zoomIn&quot;}\" data-widget_type=\"text-editor.default\">\n\t\t\t\t<div class=\"elementor-widget-container\">\n\t\t\t\t\t\t\t\t\t<p>Tous nos collaborateurs internes et externes doivent signer une entente de confidentialit\u00e9 avec LWT Communications lorsqu\u2019ils se joignent \u00e0 notre \u00e9quipe ou lorsqu\u2019ils commencent \u00e0 travailler sur un projet pour nous.<\/p><p>Les documents contenant des informations se rapportant \u00e0 nos clients sont d\u00e9truits s\u00e9par\u00e9ment. Nos locaux et nos infrastructures IT sont hautement s\u00e9curis\u00e9s.<\/p><p>Chez LWT Communications, nous aspirons \u00e0 \u00e9tablir des liens humains durables. Certains de nos clients nous sont fid\u00e8les depuis plus de 30 ans. Nous sommes toujours pr\u00eats \u00e0 en faire plus, que ce soit en d\u00e9signant un responsable de projet poru chaque projet ou en comprenant les besoins du client sur un march\u00e9 en constante \u00e9volution. Nous sommes s\u00fbrs que vous appr\u00e9cierez votre exp\u00e9rience avec LWT Communications.<\/p>\t\t\t\t\t\t\t\t<\/div>\n\t\t\t\t<\/div>\n\t\t\t\t<div class=\"elementor-element elementor-element-583a3d3f elementor-align-center elementor-invisible elementor-widget elementor-widget-button\" data-id=\"583a3d3f\" data-element_type=\"widget\" data-settings=\"{&quot;_animation&quot;:&quot;fadeInUp&quot;}\" data-widget_type=\"button.default\">\n\t\t\t\t<div class=\"elementor-widget-container\">\n\t\t\t\t\t\t\t\t\t<div class=\"elementor-button-wrapper\">\n\t\t\t\t\t<a class=\"elementor-button elementor-button-link elementor-size-sm elementor-animation-grow\" href=\"https:\/\/lwtcommunications.com\/fr\/politique-de-confidentialite\/\">\n\t\t\t\t\t\t<span class=\"elementor-button-content-wrapper\">\n\t\t\t\t\t\t\t\t\t<span class=\"elementor-button-text\">Lisez notre politique de confidentialt\u00e9<\/span>\n\t\t\t\t\t<\/span>\n\t\t\t\t\t<\/a>\n\t\t\t\t<\/div>\n\t\t\t\t\t\t\t\t<\/div>\n\t\t\t\t<\/div>\n\t\t\t\t\t<\/div>\n\t\t<\/div>\n\t\t\t\t\t<\/div>\n\t\t<\/section>\n\t\t\t\t<\/div>\n\t\t","protected":false},"excerpt":{"rendered":"<p>\u00c0 propos de nous Accueil Il y a nous Depuis plus de 30 ans, LWT Communications fournit des services de traduction complets et sur mesure qui permettent aux entreprises de communiquer de mani\u00e8re plus efficace sur le march\u00e9 international. Nos clients \u2013 dont certains figurent sur la liste de Fortune 100 \u2013 nous ont permis [&hellip;]<\/p>\n","protected":false},"author":1,"featured_media":0,"parent":0,"menu_order":0,"comment_status":"closed","ping_status":"closed","template":"elementor_header_footer","meta":{"_acf_changed":false,"footnotes":""},"class_list":["post-2627","page","type-page","status-publish","hentry"],"acf":[],"_links":{"self":[{"href":"https:\/\/lwtcommunications.com\/fr\/wp-json\/wp\/v2\/pages\/2627","targetHints":{"allow":["GET"]}}],"collection":[{"href":"https:\/\/lwtcommunications.com\/fr\/wp-json\/wp\/v2\/pages"}],"about":[{"href":"https:\/\/lwtcommunications.com\/fr\/wp-json\/wp\/v2\/types\/page"}],"author":[{"embeddable":true,"href":"https:\/\/lwtcommunications.com\/fr\/wp-json\/wp\/v2\/users\/1"}],"replies":[{"embeddable":true,"href":"https:\/\/lwtcommunications.com\/fr\/wp-json\/wp\/v2\/comments?post=2627"}],"version-history":[{"count":24,"href":"https:\/\/lwtcommunications.com\/fr\/wp-json\/wp\/v2\/pages\/2627\/revisions"}],"predecessor-version":[{"id":3022,"href":"https:\/\/lwtcommunications.com\/fr\/wp-json\/wp\/v2\/pages\/2627\/revisions\/3022"}],"wp:attachment":[{"href":"https:\/\/lwtcommunications.com\/fr\/wp-json\/wp\/v2\/media?parent=2627"}],"curies":[{"name":"wp","href":"https:\/\/api.w.org\/{rel}","templated":true}]}}