{"id":2628,"date":"2014-08-29T02:09:43","date_gmt":"2014-08-29T02:09:43","guid":{"rendered":"https:\/\/lwtcommunications.com\/contactez-nous\/"},"modified":"2025-06-04T11:39:09","modified_gmt":"2025-06-04T11:39:09","slug":"contactez-nous","status":"publish","type":"page","link":"https:\/\/lwtcommunications.com\/fr\/contactez-nous\/","title":{"rendered":"Contactez Nous"},"content":{"rendered":"\n<style type=\"text\/css\" data-created_by=\"avia_inline_auto\" id=\"style-css-av-sfvb-062c723bb49a8fb84be2e88b9bb84ba5\">\n.avia-section.av-sfvb-062c723bb49a8fb84be2e88b9bb84ba5{\nbackground-color:#015782;\nbackground-image:unset;\n}\n.avia-section.av-sfvb-062c723bb49a8fb84be2e88b9bb84ba5 .av-extra-border-element .av-extra-border-inner{\nbackground-color:#015782;\n}\n<\/style>\n<div id='av_section_1'  class='avia-section av-sfvb-062c723bb49a8fb84be2e88b9bb84ba5 main_color avia-section-no-padding avia-no-border-styling  avia-builder-el-0  el_before_av_layout_row  avia-builder-el-first  avia-bg-style-scroll av-arrow-down-section av-minimum-height av-minimum-height-custom av-height-custom  container_wrap sidebar_right'   data-av_minimum_height_px='430'><div class='container av-section-cont-open' style='height:430px'><main  role=\"main\" itemprop=\"mainContentOfPage\"  class='template-page content  av-content-small alpha units'><div class='post-entry post-entry-type-page post-entry-2628'><div class='entry-content-wrapper clearfix'>\n\n<style type=\"text\/css\" data-created_by=\"avia_inline_auto\" id=\"style-css-av-ql1r-506fbfa55a48ee617565ced83bd833ae\">\n#top .av-special-heading.av-ql1r-506fbfa55a48ee617565ced83bd833ae{\npadding-bottom:40px;\ncolor:#ffffff;\nfont-size:72px;\n}\nbody .av-special-heading.av-ql1r-506fbfa55a48ee617565ced83bd833ae .av-special-heading-tag .heading-char{\nfont-size:25px;\n}\n#top #wrap_all .av-special-heading.av-ql1r-506fbfa55a48ee617565ced83bd833ae .av-special-heading-tag{\nfont-size:72px;\n}\n.av-special-heading.av-ql1r-506fbfa55a48ee617565ced83bd833ae .special-heading-inner-border{\nborder-color:#ffffff;\n}\n.av-special-heading.av-ql1r-506fbfa55a48ee617565ced83bd833ae .av-subheading{\nfont-size:20px;\n}\n\n@media only screen and (min-width: 480px) and (max-width: 767px){ \n#top #wrap_all .av-special-heading.av-ql1r-506fbfa55a48ee617565ced83bd833ae .av-special-heading-tag{\nfont-size:0.8em;\n}\n}\n\n@media only screen and (max-width: 479px){ \n#top #wrap_all .av-special-heading.av-ql1r-506fbfa55a48ee617565ced83bd833ae .av-special-heading-tag{\nfont-size:0.8em;\n}\n}\n<\/style>\n<div  class='av-special-heading av-ql1r-506fbfa55a48ee617565ced83bd833ae av-special-heading-h2 custom-color-heading blockquote modern-quote  avia-builder-el-1  avia-builder-el-no-sibling  av-inherit-size'><h2 class='av-special-heading-tag'  itemprop=\"headline\"  >Contactez Nous<\/h2><div class='av_custom_color av-subheading av-subheading_below'><p>Plus besoin de chercher!<\/p>\n<\/div><div class=\"special-heading-border\"><div class=\"special-heading-inner-border\"><\/div><\/div><\/div>\n\n<\/div><\/div><\/main><!-- close content main element --><\/div><div class='av-extra-border-element border-extra-arrow-down'><div class='av-extra-border-outer'><div class='av-extra-border-inner'><\/div><\/div><\/div><\/div><div id='av-layout-grid-1'  class='av-layout-grid-container av-6wg8n-71cc62be523cabfdb86f7475ccca7d4c entry-content-wrapper main_color av-flex-cells  avia-builder-el-2  el_after_av_section  avia-builder-el-last  grid-row-not-first  container_wrap sidebar_right'  >\n\n<style type=\"text\/css\" data-created_by=\"avia_inline_auto\" id=\"style-css-av-6i49n-748506e783397609839eae5b2b9a0879\">\n.flex_cell.av-6i49n-748506e783397609839eae5b2b9a0879{\nvertical-align:top;\n}\n.responsive #top #wrap_all .flex_cell.av-6i49n-748506e783397609839eae5b2b9a0879{\npadding:60px 60px 0 60px !important;\n}\n<\/style>\n<div class='flex_cell av-6i49n-748506e783397609839eae5b2b9a0879 av-gridrow-cell av_three_fifth no_margin  avia-builder-el-3  el_before_av_cell_two_fifth  avia-builder-el-first '  ><div class='flex_cell_inner'><p>\n<style type=\"text\/css\" data-created_by=\"avia_inline_auto\" id=\"style-css-av-5kd57-e7e5b663e1dc2fe4f9ae66df3a797e34\">\n#top .av-special-heading.av-5kd57-e7e5b663e1dc2fe4f9ae66df3a797e34{\npadding-bottom:10px;\n}\nbody .av-special-heading.av-5kd57-e7e5b663e1dc2fe4f9ae66df3a797e34 .av-special-heading-tag .heading-char{\nfont-size:25px;\n}\n.av-special-heading.av-5kd57-e7e5b663e1dc2fe4f9ae66df3a797e34 .av-subheading{\nfont-size:15px;\n}\n<\/style>\n<div  class='av-special-heading av-5kd57-e7e5b663e1dc2fe4f9ae66df3a797e34 av-special-heading-h2 blockquote modern-quote  avia-builder-el-4  el_before_av_contact  avia-builder-el-first '><h2 class='av-special-heading-tag'  itemprop=\"headline\"  >ENTRER EN CONTACT<\/h2><div class='av-subheading av-subheading_below'><p>Contactez-nous pour plus d\u2019information sur nos services et notre entreprise.<\/p>\n<\/div><div class=\"special-heading-border\"><div class=\"special-heading-inner-border\"><\/div><\/div><\/div><br \/>\n<form action=\"https:\/\/lwtcommunications.com\/fr\/contactez-nous\/\" method=\"post\" data-fields-with-error=\"Erreurs trouv\u00e9es dans les champs suivants :\" class=\"avia_ajax_form av-form-labels-visible   avia-builder-el-5  el_after_av_heading  avia-builder-el-last   \" data-avia-form-id=\"1\" data-avia-redirect='' ><fieldset><p class='  first_form  form_element form_element_half' id='element_avia_1_1'><label for=\"avia_1_1\">Pr\u00e9nom <abbr class=\"required\" title=\"requis(e)\">*<\/abbr><\/label> <input name=\"avia_1_1\" class=\"text_input is_empty\" type=\"text\" id=\"avia_1_1\" value=\"\" \/><\/p><p class='  form_element form_element_half' id='element_avia_2_1'><label for=\"avia_2_1\">Nom <abbr class=\"required\" title=\"requis(e)\">*<\/abbr><\/label> <input name=\"avia_2_1\" class=\"text_input is_empty\" type=\"text\" id=\"avia_2_1\" value=\"\" \/><\/p><p class='  first_form  form_element form_element_half' id='element_avia_3_1'><label for=\"avia_3_1\">Adresse courriel <abbr class=\"required\" title=\"requis(e)\">*<\/abbr><\/label> <input name=\"avia_3_1\" class=\"text_input is_email\" type=\"text\" id=\"avia_3_1\" value=\"\" \/><\/p><p class='  form_element form_element_half' id='element_avia_4_1'><label for=\"avia_4_1\">T\u00e9l\u00e9phone <abbr class=\"required\" title=\"requis(e)\">*<\/abbr><\/label> <input name=\"avia_4_1\" class=\"text_input is_phone\" type=\"text\" id=\"avia_4_1\" value=\"\" \/><\/p><p class='  first_form  form_element form_fullwidth' id='element_avia_5_1'><label for=\"avia_5_1\" class=\"textare_label hidden textare_label_avia_5_1\">Message <abbr class=\"required\" title=\"requis(e)\">*<\/abbr><\/label><textarea  name=\"avia_5_1\" class=\"text_area is_empty\" cols=\"40\" rows=\"7\" id=\"avia_5_1\" ><\/textarea><\/p><p class=\"hidden\"><input type=\"text\" name=\"avia_6_1\" class=\"hidden \" id=\"avia_6_1\" value=\"\" \/><\/p><p class='   form_element form_fullwidth' id='element_avia_7_1'><span class='value_verifier_label'>3 + 4 = ?<\/span><input name=\"avia_7_1_verifier\" type=\"hidden\" id=\"avia_7_1_verifier\" value=\"885772754\"\/><label for=\"avia_7_1\">Merci de prouver que vous \u00eates un humain en donnant le r\u00e9sultat de cette op\u00e9ration <abbr class=\"required\" title=\"requis(e)\">*<\/abbr><\/label><input name=\"avia_7_1\" class=\"text_input captcha\" type=\"text\" id=\"avia_7_1\" value=\"\"\/><\/p><p class=\"form_element \"><input type=\"hidden\" value=\"1\" name=\"avia_generated_form1\" \/><input type=\"submit\" value=\"Submit\" class=\"button\"  data-sending-label=\"Envoi\"\/><\/p><\/fieldset><\/form><div id=\"ajaxresponse_1\" class=\"ajaxresponse ajaxresponse_1 hidden\"><\/div><\/p>\n<\/div><\/div>\n<style type=\"text\/css\" data-created_by=\"avia_inline_auto\" id=\"style-css-av-27rxv-b538bd197d5c8c6d6413e2c9eeda60e6\">\n.flex_cell.av-27rxv-b538bd197d5c8c6d6413e2c9eeda60e6{\nvertical-align:top;\n}\n.responsive #top #wrap_all .flex_cell.av-27rxv-b538bd197d5c8c6d6413e2c9eeda60e6{\npadding:0px 0px 0px 0px !important;\n}\n<\/style>\n<div class='flex_cell av-27rxv-b538bd197d5c8c6d6413e2c9eeda60e6 av-gridrow-cell av_two_fifth no_margin  avia-builder-el-6  el_after_av_cell_three_fifth  avia-builder-el-last  av-zero-padding'  ><div class='flex_cell_inner'><div  class='av_gmaps_sc_main_wrap av_gmaps_main_wrap '><div id='av_gmap_0' class='avia-google-map-container avia-google-map-sc av_gmaps_show_unconditionally av-no-fallback-img ' data-mapid='av_gmap_0'  style='height: 750px;'><a class=\"av_gmaps_browser_disabled av_text_confirm_link av_text_confirm_link_visible\" href=\"https:\/\/www.google.com\/maps\/search\/?api=1&#038;query=3601%20Hwy%207%20East,%20Suite%201005%20L3R%200M3%20Markham%20Ontario%20%20%20Canada\" target=\"_blank\" rel=\"noopener nofollow\">Les cartes ont \u00e9t\u00e9 d\u00e9sactiv\u00e9es par le visiteur sur ce site. Cliquer pour ouvrir la carte dans une nouvelle fen\u00eatre.<\/a><\/div><\/div>\n<\/div><\/div><\/div>\n","protected":false},"excerpt":{"rendered":"","protected":false},"author":1,"featured_media":0,"parent":0,"menu_order":0,"comment_status":"open","ping_status":"closed","template":"","meta":{"_acf_changed":false,"footnotes":""},"class_list":["post-2628","page","type-page","status-publish","hentry"],"acf":[],"_links":{"self":[{"href":"https:\/\/lwtcommunications.com\/fr\/wp-json\/wp\/v2\/pages\/2628","targetHints":{"allow":["GET"]}}],"collection":[{"href":"https:\/\/lwtcommunications.com\/fr\/wp-json\/wp\/v2\/pages"}],"about":[{"href":"https:\/\/lwtcommunications.com\/fr\/wp-json\/wp\/v2\/types\/page"}],"author":[{"embeddable":true,"href":"https:\/\/lwtcommunications.com\/fr\/wp-json\/wp\/v2\/users\/1"}],"replies":[{"embeddable":true,"href":"https:\/\/lwtcommunications.com\/fr\/wp-json\/wp\/v2\/comments?post=2628"}],"version-history":[{"count":3,"href":"https:\/\/lwtcommunications.com\/fr\/wp-json\/wp\/v2\/pages\/2628\/revisions"}],"predecessor-version":[{"id":3233,"href":"https:\/\/lwtcommunications.com\/fr\/wp-json\/wp\/v2\/pages\/2628\/revisions\/3233"}],"wp:attachment":[{"href":"https:\/\/lwtcommunications.com\/fr\/wp-json\/wp\/v2\/media?parent=2628"}],"curies":[{"name":"wp","href":"https:\/\/api.w.org\/{rel}","templated":true}]}}