{"id":2993,"date":"2024-05-24T20:44:05","date_gmt":"2024-05-24T20:44:05","guid":{"rendered":"https:\/\/lwtcommunications.com\/carrieres\/"},"modified":"2024-05-24T22:07:55","modified_gmt":"2024-05-24T22:07:55","slug":"carrieres","status":"publish","type":"page","link":"https:\/\/lwtcommunications.com\/fr\/carrieres\/","title":{"rendered":"Carri\u00e8res"},"content":{"rendered":"\t\t<div data-elementor-type=\"wp-page\" data-elementor-id=\"2993\" class=\"elementor elementor-2993\" data-elementor-settings=\"{&quot;ha_cmc_init_switcher&quot;:&quot;no&quot;}\" data-elementor-post-type=\"page\">\n\t\t\t\t\t\t<section class=\"elementor-section elementor-top-section elementor-element elementor-element-c7be00e elementor-section-full_width elementor-section-stretched elementor-section-height-default elementor-section-height-default\" data-id=\"c7be00e\" data-element_type=\"section\" data-settings=\"{&quot;stretch_section&quot;:&quot;section-stretched&quot;,&quot;background_background&quot;:&quot;classic&quot;,&quot;_ha_eqh_enable&quot;:false}\">\n\t\t\t\t\t\t<div class=\"elementor-container elementor-column-gap-default\">\n\t\t\t\t\t<div class=\"elementor-column elementor-col-100 elementor-top-column elementor-element elementor-element-8a4f279\" data-id=\"8a4f279\" data-element_type=\"column\">\n\t\t\t<div class=\"elementor-widget-wrap elementor-element-populated\">\n\t\t\t\t\t\t<div class=\"elementor-element elementor-element-95ee01b elementor-invisible elementor-widget elementor-widget-heading\" data-id=\"95ee01b\" data-element_type=\"widget\" data-settings=\"{&quot;_animation&quot;:&quot;zoomIn&quot;}\" data-widget_type=\"heading.default\">\n\t\t\t\t<div class=\"elementor-widget-container\">\n\t\t\t\t\t<h1 class=\"elementor-heading-title elementor-size-default\">Carri\u00e8res<\/h1>\t\t\t\t<\/div>\n\t\t\t\t<\/div>\n\t\t\t\t<div class=\"elementor-element elementor-element-0158c43 animated-slow elementor-invisible elementor-widget elementor-widget-ha-breadcrumbs happy-addon ha-breadcrumbs happy-addon-pro\" data-id=\"0158c43\" data-element_type=\"widget\" data-settings=\"{&quot;_animation&quot;:&quot;zoomIn&quot;}\" data-widget_type=\"ha-breadcrumbs.default\">\n\t\t\t\t<div class=\"elementor-widget-container\">\n\t\t\t\t\t<ul class=\"ha-breadcrumbs\"><li class=\"ha-breadcrumbs-item ha-breadcrumbs-start\"><a href=\"https:\/\/lwtcommunications.com\/fr\/\" rel=\"home\"><span class=\"ha-breadcrumbs-text\"><span class=\"ha-breadcrumbs-home-icon\"><span class=\"hm hm-home\" aria-hidden=\"true\"><\/span><\/span>Accueil<\/span><\/a><\/li><\/ul>\t\t\t\t<\/div>\n\t\t\t\t<\/div>\n\t\t\t\t\t<\/div>\n\t\t<\/div>\n\t\t\t\t\t<\/div>\n\t\t<\/section>\n\t\t\t\t<section class=\"elementor-section elementor-top-section elementor-element elementor-element-b846ed4 elementor-section-stretched elementor-section-boxed elementor-section-height-default elementor-section-height-default\" data-id=\"b846ed4\" data-element_type=\"section\" data-settings=\"{&quot;stretch_section&quot;:&quot;section-stretched&quot;,&quot;background_background&quot;:&quot;classic&quot;,&quot;_ha_eqh_enable&quot;:false}\">\n\t\t\t\t\t\t<div class=\"elementor-container elementor-column-gap-default\">\n\t\t\t\t\t<div class=\"elementor-column elementor-col-100 elementor-top-column elementor-element elementor-element-79d2bdb\" data-id=\"79d2bdb\" data-element_type=\"column\">\n\t\t\t<div class=\"elementor-widget-wrap elementor-element-populated\">\n\t\t\t\t\t\t<div class=\"elementor-element elementor-element-34920be elementor-invisible elementor-widget elementor-widget-heading\" data-id=\"34920be\" data-element_type=\"widget\" data-settings=\"{&quot;_animation&quot;:&quot;fadeInUp&quot;}\" data-widget_type=\"heading.default\">\n\t\t\t\t<div class=\"elementor-widget-container\">\n\t\t\t\t\t<h2 class=\"elementor-heading-title elementor-size-default\">Nous avons besoin de vous!<\/h2>\t\t\t\t<\/div>\n\t\t\t\t<\/div>\n\t\t\t\t<div class=\"elementor-element elementor-element-15f458b elementor-invisible elementor-widget elementor-widget-heading\" data-id=\"15f458b\" data-element_type=\"widget\" data-settings=\"{&quot;_animation&quot;:&quot;zoomIn&quot;}\" data-widget_type=\"heading.default\">\n\t\t\t\t<div class=\"elementor-widget-container\">\n\t\t\t\t\t<h3 class=\"elementor-heading-title elementor-size-default\">Avis de recherche : langagiers comp\u00e9tents et exp\u00e9riment\u00e9s!<\/h3>\t\t\t\t<\/div>\n\t\t\t\t<\/div>\n\t\t\t\t<div class=\"elementor-element elementor-element-3988003 elementor-invisible elementor-widget elementor-widget-text-editor\" data-id=\"3988003\" data-element_type=\"widget\" data-settings=\"{&quot;_animation&quot;:&quot;slideInLeft&quot;,&quot;_animation_delay&quot;:0}\" data-widget_type=\"text-editor.default\">\n\t\t\t\t<div class=\"elementor-widget-container\">\n\t\t\t\t\t\t\t\t\t<p>Nos employ\u00e9s b\u00e9n\u00e9ficient d\u2019horaires flexibles, de salaires comp\u00e9titifs et de nombreuses possibilit\u00e9s de d\u00e9veloppement professionnel. Notre \u00e9quipe de direction apporte un soutien solide \u00e0 tous les membres de l\u2019\u00e9quipe.<\/p><p>Que vous soyez un traducteur d\u00e9butant d\u00e9sireux d\u2019acqu\u00e9rir de l\u2019exp\u00e9rience dans l\u2019industrie ou un professionnel chevronn\u00e9, contactez-nous si vous souhaitez travailler avec nous.<\/p><p>En plus de notre \u00e9quipe \u00e0 temps plein, nous collaborons avec des pigistes fiables et d\u2019exp\u00e9rience dans le monde entier pour offrir des services de traduction dans diff\u00e9rentes combinaisons de langues.<\/p><p>Pour faire partie de notre \u00e9quipe, veuillez remplir et soumettre ce formulaire.<\/p><p>Remarque : Nous pourrions demander aux traducteurs\/r\u00e9viseurs d\u2019effectuer un petit test qui nous permettra d\u2019\u00e9valuer leurs aptitudes dans leur domaine d\u2019expertise.<\/p>\t\t\t\t\t\t\t\t<\/div>\n\t\t\t\t<\/div>\n\t\t\t\t<div class=\"elementor-element elementor-element-1705470 elementor-widget elementor-widget-shortcode\" data-id=\"1705470\" data-element_type=\"widget\" data-widget_type=\"shortcode.default\">\n\t\t\t\t<div class=\"elementor-widget-container\">\n\t\t\t\t\t\t\t<div class=\"elementor-shortcode\"><div class=\"wpforms-container wpforms-container-full wpforms-render-modern\" id=\"wpforms-2999\"><form id=\"wpforms-form-2999\" class=\"wpforms-validate wpforms-form wpforms-ajax-form\" data-formid=\"2999\" method=\"post\" enctype=\"multipart\/form-data\" action=\"\/fr\/wp-json\/wp\/v2\/pages\/2993?wpforms_form_id=2999\" data-token=\"c1ec7e1ae66fe69c20dea6c781e381ee\"><noscript class=\"wpforms-error-noscript\">Veuillez activer JavaScript dans votre navigateur pour remplir ce formulaire.<\/noscript><div class=\"wpforms-hidden\" id=\"wpforms-error-noscript\">Veuillez activer JavaScript dans votre navigateur pour remplir ce formulaire.<\/div><div class=\"wpforms-field-container\"><div id=\"wpforms-2999-field_1-container\" class=\"wpforms-field wpforms-field-radio\" data-field-id=\"1\"><fieldset><legend class=\"wpforms-field-label\">Consentement au stockage des donn\u00e9es soumises <span class=\"wpforms-required-label\" aria-hidden=\"true\">*<\/span><\/legend><ul id=\"wpforms-2999-field_1\" class=\"wpforms-field-required\"><li class=\"choice-1 depth-1\"><input type=\"radio\" id=\"wpforms-2999-field_1_1\" name=\"wpforms[fields][1]\" value=\"Oui, je vous autorise \u00e0 stocker et \u00e0 traiter mes donn\u00e9es\" aria-errormessage=\"wpforms-2999-field_1_1-error\" required ><label class=\"wpforms-field-label-inline\" for=\"wpforms-2999-field_1_1\">Oui, je vous autorise \u00e0 stocker et \u00e0 traiter mes donn\u00e9es<\/label><\/li><li class=\"choice-2 depth-1\"><input type=\"radio\" id=\"wpforms-2999-field_1_2\" name=\"wpforms[fields][1]\" value=\"Non, je ne vous autorise pas \u00e0 stocker et \u00e0 traiter mes donn\u00e9es\" aria-errormessage=\"wpforms-2999-field_1_2-error\" required ><label class=\"wpforms-field-label-inline\" for=\"wpforms-2999-field_1_2\">Non, je ne vous autorise pas \u00e0 stocker et \u00e0 traiter mes donn\u00e9es<\/label><\/li><\/ul><\/fieldset><\/div><div id=\"wpforms-2999-field_2-container\" class=\"wpforms-field wpforms-field-checkbox\" data-field-id=\"2\"><fieldset><legend class=\"wpforms-field-label\">Veuillez indiquer le poste qui vous int\u00e9resse: <span class=\"wpforms-required-label\" aria-hidden=\"true\">*<\/span><\/legend><ul id=\"wpforms-2999-field_2\" class=\"wpforms-field-required\"><li class=\"choice-1 depth-1\"><input type=\"checkbox\" id=\"wpforms-2999-field_2_1\" name=\"wpforms[fields][2][]\" value=\"Traducteur\" aria-errormessage=\"wpforms-2999-field_2_1-error\" required ><label class=\"wpforms-field-label-inline\" for=\"wpforms-2999-field_2_1\">Traducteur<\/label><\/li><li class=\"choice-2 depth-1\"><input type=\"checkbox\" id=\"wpforms-2999-field_2_2\" name=\"wpforms[fields][2][]\" value=\"R\u00e9viseur\" aria-errormessage=\"wpforms-2999-field_2_2-error\" required ><label class=\"wpforms-field-label-inline\" for=\"wpforms-2999-field_2_2\">R\u00e9viseur<\/label><\/li><li class=\"choice-3 depth-1\"><input type=\"checkbox\" id=\"wpforms-2999-field_2_3\" name=\"wpforms[fields][2][]\" value=\"Correcteur\" aria-errormessage=\"wpforms-2999-field_2_3-error\" required ><label class=\"wpforms-field-label-inline\" for=\"wpforms-2999-field_2_3\">Correcteur<\/label><\/li><li class=\"choice-4 depth-1\"><input type=\"checkbox\" id=\"wpforms-2999-field_2_4\" name=\"wpforms[fields][2][]\" value=\"Concepteur Graphique\" aria-errormessage=\"wpforms-2999-field_2_4-error\" required ><label class=\"wpforms-field-label-inline\" for=\"wpforms-2999-field_2_4\">Concepteur Graphique<\/label><\/li><li class=\"choice-5 depth-1\"><input type=\"checkbox\" id=\"wpforms-2999-field_2_5\" name=\"wpforms[fields][2][]\" value=\"Gestionnaire de projets\" aria-errormessage=\"wpforms-2999-field_2_5-error\" required ><label class=\"wpforms-field-label-inline\" for=\"wpforms-2999-field_2_5\">Gestionnaire de projets<\/label><\/li><li class=\"choice-6 depth-1\"><input type=\"checkbox\" id=\"wpforms-2999-field_2_6\" name=\"wpforms[fields][2][]\" value=\"Ventes\" aria-errormessage=\"wpforms-2999-field_2_6-error\" required ><label class=\"wpforms-field-label-inline\" for=\"wpforms-2999-field_2_6\">Ventes<\/label><\/li><li class=\"choice-7 depth-1\"><input type=\"checkbox\" id=\"wpforms-2999-field_2_7\" name=\"wpforms[fields][2][]\" value=\"Autre\" aria-errormessage=\"wpforms-2999-field_2_7-error\" required ><label class=\"wpforms-field-label-inline\" for=\"wpforms-2999-field_2_7\">Autre<\/label><\/li><\/ul><\/fieldset><\/div><div id=\"wpforms-2999-field_3-container\" class=\"wpforms-field wpforms-field-name\" data-field-id=\"3\"><label class=\"wpforms-field-label\" for=\"wpforms-2999-field_3\">Nom <span class=\"wpforms-required-label\" aria-hidden=\"true\">*<\/span><\/label><input type=\"text\" id=\"wpforms-2999-field_3\" class=\"wpforms-field-medium wpforms-field-required\" name=\"wpforms[fields][3]\" aria-errormessage=\"wpforms-2999-field_3-error\" required><\/div><div id=\"wpforms-2999-field_4-container\" class=\"wpforms-field wpforms-field-email\" data-field-id=\"4\"><label class=\"wpforms-field-label\" for=\"wpforms-2999-field_4\">Courriel <span class=\"wpforms-required-label\" aria-hidden=\"true\">*<\/span><\/label><input type=\"email\" id=\"wpforms-2999-field_4\" class=\"wpforms-field-medium wpforms-field-required\" name=\"wpforms[fields][4]\" spellcheck=\"false\" aria-errormessage=\"wpforms-2999-field_4-error\" required><\/div><div id=\"wpforms-2999-field_5-container\" class=\"wpforms-field wpforms-field-phone\" data-field-id=\"5\"><label class=\"wpforms-field-label\" for=\"wpforms-2999-field_5\">T\u00e9l\u00e9phone<\/label><input type=\"tel\" id=\"wpforms-2999-field_5\" class=\"wpforms-field-medium\" data-rule-int-phone-field=\"true\" name=\"wpforms[fields][5]\" aria-errormessage=\"wpforms-2999-field_5-error\" ><\/div><div id=\"wpforms-2999-field_6-container\" class=\"wpforms-field wpforms-field-file-upload\" data-field-id=\"6\"><label class=\"wpforms-field-label\" for=\"wpforms-2999-field_6\">T\u00e9l\u00e9verser le CV <span class=\"wpforms-required-label\" aria-hidden=\"true\">*<\/span><\/label><div\n\t\tclass=\"wpforms-uploader\"\n\t\tdata-field-id=\"6\"\n\t\tdata-form-id=\"2999\"\n\t\tdata-input-name=\"wpforms_2999_6\"\n\t\tdata-extensions=\"jpg,jpeg,jpe,gif,png,bmp,tiff,tif,webp,avif,ico,heic,heif,heics,heifs,asf,asx,wmv,wmx,wm,avi,divx,mov,qt,mpeg,mpg,mpe,mp4,m4v,ogv,webm,mkv,3gp,3gpp,3g2,3gp2,txt,asc,c,cc,h,srt,csv,tsv,ics,rtx,css,vtt,mp3,m4a,m4b,aac,ra,ram,wav,x-wav,ogg,oga,flac,mid,midi,wma,wax,mka,rtf,pdf,class,tar,zip,gz,gzip,rar,7z,psd,xcf,doc,pot,pps,ppt,wri,xla,xls,xlt,xlw,mpp,docx,docm,dotx,dotm,xlsx,xlsm,xlsb,xltx,xltm,xlam,pptx,pptm,ppsx,ppsm,potx,potm,ppam,sldx,sldm,onetoc,onetoc2,onepkg,oxps,xps,odt,odp,ods,odg,odc,odb,odf,wp,wpd,key,numbers,pages,mp4,txt\"\n\t\tdata-max-size=\"10485760\"\n\t\tdata-max-file-number=\"1\"\n\t\tdata-post-max-size=\"134217728\"\n\t\tdata-max-parallel-uploads=\"4\"\n\t\tdata-parallel-uploads=\"true\"\n\t\tdata-file-chunk-size=\"2097152\">\n\t<div class=\"dz-message\">\n\t\t<svg viewBox=\"0 0 1024 1024\" focusable=\"false\" data-icon=\"inbox\" width=\"50px\" height=\"50px\" fill=\"currentColor\" aria-hidden=\"true\">\n\t\t\t<path d=\"M885.2 446.3l-.2-.8-112.2-285.1c-5-16.1-19.9-27.2-36.8-27.2H281.2c-17 0-32.1 11.3-36.9 27.6L139.4 443l-.3.7-.2.8c-1.3 4.9-1.7 9.9-1 14.8-.1 1.6-.2 3.2-.2 4.8V830a60.9 60.9 0 0 0 60.8 60.8h627.2c33.5 0 60.8-27.3 60.9-60.8V464.1c0-1.3 0-2.6-.1-3.7.4-4.9 0-9.6-1.3-14.1zm-295.8-43l-.3 15.7c-.8 44.9-31.8 75.1-77.1 75.1-22.1 0-41.1-7.1-54.8-20.6S436 441.2 435.6 419l-.3-15.7H229.5L309 210h399.2l81.7 193.3H589.4zm-375 76.8h157.3c24.3 57.1 76 90.8 140.4 90.8 33.7 0 65-9.4 90.3-27.2 22.2-15.6 39.5-37.4 50.7-63.6h156.5V814H214.4V480.1z\"><\/path>\n\t\t<\/svg>\n\t\t<span class=\"modern-title\">Cliquez ou d\u00e9placez un fichier dans cette zone pour le t\u00e9l\u00e9verser.<\/span>\n\n\t\t\t<\/div>\n<\/div>\n<input\n\t\ttype=\"text\"\n\t\tautocomplete=\"off\"\n\t\tclass=\"dropzone-input\"\n\t\tstyle=\"position:absolute!important;clip:rect(0,0,0,0)!important;height:1px!important;width:1px!important;border:0!important;overflow:hidden!important;padding:0!important;margin:0!important;\"\n\t\tid=\"wpforms-2999-field_6\"\n\t\tname=\"wpforms_2999_6\" required\t\tvalue=\"\">\n<\/div><div id=\"wpforms-2999-field_7-container\" class=\"wpforms-field wpforms-field-select wpforms-field-select-style-classic\" data-field-id=\"7\"><label class=\"wpforms-field-label\" for=\"wpforms-2999-field_7\">Langue source <span class=\"wpforms-required-label\" aria-hidden=\"true\">*<\/span><\/label><select id=\"wpforms-2999-field_7\" class=\"wpforms-field-medium wpforms-field-required\" name=\"wpforms[fields][7]\" required=\"required\"><option value=\"Anglais\" >Anglais<\/option><option value=\"Fran\u00e7ais\" >Fran\u00e7ais<\/option><option value=\"Espagnol\" >Espagnol<\/option><option value=\"Autre\" >Autre<\/option><\/select><\/div><div id=\"wpforms-2999-field_8-container\" class=\"wpforms-field wpforms-field-select wpforms-field-select-style-classic\" data-field-id=\"8\"><label class=\"wpforms-field-label\" for=\"wpforms-2999-field_8\">Langue cible <span class=\"wpforms-required-label\" aria-hidden=\"true\">*<\/span><\/label><select id=\"wpforms-2999-field_8\" class=\"wpforms-field-medium wpforms-field-required\" name=\"wpforms[fields][8]\" required=\"required\"><option value=\"Anglais\" >Anglais<\/option><option value=\"Fran\u00e7ais\" >Fran\u00e7ais<\/option><option value=\"Espagnol\" >Espagnol<\/option><option value=\"Autre\" >Autre<\/option><\/select><\/div><div id=\"wpforms-2999-field_13-container\" class=\"wpforms-field wpforms-field-checkbox\" data-field-id=\"13\"><fieldset><legend class=\"wpforms-field-label\">Outils TAO <span class=\"wpforms-required-label\" aria-hidden=\"true\">*<\/span><\/legend><ul id=\"wpforms-2999-field_13\" class=\"wpforms-field-required\"><li class=\"choice-1 depth-1\"><input type=\"checkbox\" id=\"wpforms-2999-field_13_1\" name=\"wpforms[fields][13][]\" value=\"memoQ\" aria-errormessage=\"wpforms-2999-field_13_1-error\" required ><label class=\"wpforms-field-label-inline\" for=\"wpforms-2999-field_13_1\">memoQ<\/label><\/li><li class=\"choice-2 depth-1\"><input type=\"checkbox\" id=\"wpforms-2999-field_13_2\" name=\"wpforms[fields][13][]\" value=\"Trados\" aria-errormessage=\"wpforms-2999-field_13_2-error\" required ><label class=\"wpforms-field-label-inline\" for=\"wpforms-2999-field_13_2\">Trados<\/label><\/li><li class=\"choice-3 depth-1\"><input type=\"checkbox\" id=\"wpforms-2999-field_13_3\" name=\"wpforms[fields][13][]\" value=\"WordFast\" aria-errormessage=\"wpforms-2999-field_13_3-error\" required ><label class=\"wpforms-field-label-inline\" for=\"wpforms-2999-field_13_3\">WordFast<\/label><\/li><li class=\"choice-4 depth-1\"><input type=\"checkbox\" id=\"wpforms-2999-field_13_4\" name=\"wpforms[fields][13][]\" value=\"Autre\" aria-errormessage=\"wpforms-2999-field_13_4-error\" required ><label class=\"wpforms-field-label-inline\" for=\"wpforms-2999-field_13_4\">Autre<\/label><\/li><\/ul><\/fieldset><\/div><div id=\"wpforms-2999-field_14-container\" class=\"wpforms-field wpforms-field-textarea\" data-field-id=\"14\"><label class=\"wpforms-field-label\" for=\"wpforms-2999-field_14\">Information suppl\u00e9mentaire<\/label><textarea id=\"wpforms-2999-field_14\" class=\"wpforms-field-medium\" name=\"wpforms[fields][14]\" aria-errormessage=\"wpforms-2999-field_14-error\" ><\/textarea><\/div><div id=\"wpforms-2999-field_15-container\" class=\"wpforms-field wpforms-field-captcha\" data-field-id=\"15\"><label class=\"wpforms-field-label\" for=\"wpforms-2999-field_15\">Recaptcha Challenge Career <span class=\"wpforms-required-label\" aria-hidden=\"true\">*<\/span><\/label>\t\t\t<div class=\"wpforms-captcha-math\">\n\t\t\t\t<span id=\"wpforms-2999-field_15-question\" class=\"wpforms-captcha-equation\">\n\t\t\t\t\t<span class=\"n1\">1<\/span>\n\t\t\t\t\t\t\t<span class=\"cal\">*<\/span>\n\t\t\t\t\t\t\t<span class=\"n2\">4<\/span>\t\t\t\t\t<span class=\"e\">=<\/span>\n\t\t\t\t<\/span>\n\t\t\t\t<input type=\"text\" id=\"wpforms-2999-field_15\" class=\"wpforms-field-medium wpforms-field-required a\" data-rule-wpf-captcha=\"math\" data-is-wrapped-field=\"1\" name=\"wpforms[fields][15][a]\" aria-errormessage=\"wpforms-2999-field_15-error\" aria-describedby=\"wpforms-2999-field_15-question\" required>\t\t\t\t<input type=\"hidden\" name=\"wpforms[fields][15][cal]\" class=\"cal\">\n\t\t\t\t<input type=\"hidden\" name=\"wpforms[fields][15][n2]\" class=\"n2\">\n\t\t\t\t<input type=\"hidden\" name=\"wpforms[fields][15][n1]\" class=\"n1\">\n\t\t\t<\/div>\n\t\t\t<\/div><\/div><!-- .wpforms-field-container --><div class=\"wpforms-submit-container\" ><input type=\"hidden\" name=\"wpforms[id]\" value=\"2999\"><input type=\"hidden\" name=\"wpforms[author]\" value=\"1\"><button type=\"submit\" name=\"wpforms[submit]\" id=\"wpforms-submit-2999\" class=\"wpforms-submit\" data-alt-text=\"Envoi en cours...\" data-submit-text=\"Soumettre\" aria-live=\"assertive\" value=\"wpforms-submit\">Soumettre<\/button><img decoding=\"async\" src=\"https:\/\/lwtcommunications.com\/wp-content\/plugins\/wpforms\/assets\/images\/submit-spin.svg\" class=\"wpforms-submit-spinner\" style=\"display: none;\" width=\"26\" height=\"26\" alt=\"Chargement en cours\" title=\"\"><\/div><\/form><\/div>  <!-- .wpforms-container --><\/div>\n\t\t\t\t\t\t<\/div>\n\t\t\t\t<\/div>\n\t\t\t\t\t<\/div>\n\t\t<\/div>\n\t\t\t\t\t<\/div>\n\t\t<\/section>\n\t\t\t\t<\/div>\n\t\t","protected":false},"excerpt":{"rendered":"<p>Carri\u00e8res Accueil Nous avons besoin de vous! Avis de recherche : langagiers comp\u00e9tents et exp\u00e9riment\u00e9s! Nos employ\u00e9s b\u00e9n\u00e9ficient d\u2019horaires flexibles, de salaires comp\u00e9titifs et de nombreuses possibilit\u00e9s de d\u00e9veloppement professionnel. Notre \u00e9quipe de direction apporte un soutien solide \u00e0 tous les membres de l\u2019\u00e9quipe. Que vous soyez un traducteur d\u00e9butant d\u00e9sireux d\u2019acqu\u00e9rir de l\u2019exp\u00e9rience dans [&hellip;]<\/p>\n","protected":false},"author":1,"featured_media":0,"parent":0,"menu_order":0,"comment_status":"closed","ping_status":"closed","template":"","meta":{"_acf_changed":false,"footnotes":""},"class_list":["post-2993","page","type-page","status-publish","hentry"],"acf":[],"_links":{"self":[{"href":"https:\/\/lwtcommunications.com\/fr\/wp-json\/wp\/v2\/pages\/2993","targetHints":{"allow":["GET"]}}],"collection":[{"href":"https:\/\/lwtcommunications.com\/fr\/wp-json\/wp\/v2\/pages"}],"about":[{"href":"https:\/\/lwtcommunications.com\/fr\/wp-json\/wp\/v2\/types\/page"}],"author":[{"embeddable":true,"href":"https:\/\/lwtcommunications.com\/fr\/wp-json\/wp\/v2\/users\/1"}],"replies":[{"embeddable":true,"href":"https:\/\/lwtcommunications.com\/fr\/wp-json\/wp\/v2\/comments?post=2993"}],"version-history":[{"count":9,"href":"https:\/\/lwtcommunications.com\/fr\/wp-json\/wp\/v2\/pages\/2993\/revisions"}],"predecessor-version":[{"id":3031,"href":"https:\/\/lwtcommunications.com\/fr\/wp-json\/wp\/v2\/pages\/2993\/revisions\/3031"}],"wp:attachment":[{"href":"https:\/\/lwtcommunications.com\/fr\/wp-json\/wp\/v2\/media?parent=2993"}],"curies":[{"name":"wp","href":"https:\/\/api.w.org\/{rel}","templated":true}]}}